{"id":95,"date":"2023-10-25T17:30:50","date_gmt":"2023-10-25T15:30:50","guid":{"rendered":"https:\/\/labanniere.org\/?page_id=95"},"modified":"2023-11-30T14:03:43","modified_gmt":"2023-11-30T13:03:43","slug":"pasteur-assistant","status":"publish","type":"page","link":"https:\/\/labanniere.org\/index.php\/eglise\/pasteur-assistant\/","title":{"rendered":"Pasteur Assistant"},"content":{"rendered":"\n<h6 class=\"wp-block-heading\">Dr C\u00e9cile Bomboko est le premier pasteur assistant au pasteur titulaire du CEF La Banni\u00e8re, Dr Marcel Bomboko.<\/h6>\n\n\n\n<figure class=\"wp-block-image size-full\"><img decoding=\"async\" src=\"http:\/\/labanniere.org\/wp-content\/uploads\/2023\/01\/CecileBBK.jpg\" alt=\"\" class=\"wp-image-130\"\/><\/figure>\n\n\n\n<!--more-->\n\n\n\n<p>Professeur vacataire \u00e0 la Facult\u00e9 de th\u00e9ologie des Assembl\u00e9es de Dieu (FATAD) extension de Kinshasa, elle est titulaire d&rsquo;un doctorat en Philosophie (PhD) et Th\u00e9ologie des assembl\u00e9es de Dieu d\u00e9croch\u00e9 en novembre 2018 \u00e0 la Facult\u00e9 de th\u00e9ologie des assembl\u00e9es de Dieu (FATAD)&nbsp;campus de Lom\u00e9 au Togo, orientation Leadership et Mission, au sein de la promotion 2018 baptis\u00e9e \u00ab&nbsp;Eclaireurs des nations&nbsp;\u00bb selon Matthieu 5&nbsp;:14-15.<br>Sa th\u00e8se est articul\u00e9e autour du th\u00e8me \u201cDeveloping a contextualized model of leadership for Assemblies of GOD\/DRC\u201d (D\u00e9velopper un mod\u00e8le contextualis\u00e9 de leadership pour les Assembl\u00e9es de Dieu en RDC).<\/p>\n\n\n\n<h1 class=\"wp-block-heading\">Parcours<\/h1>\n\n\n\n<h6 class=\"wp-block-heading\">L&rsquo;histoire de Mme Bomboko est intimement li\u00e9e \u00e0 celle de son mari dont elle est le parfait mod\u00e8le d&rsquo;aide semblable dans le s\u00e9culier comme dans le minist\u00e8re.<\/h6>\n\n\n\n<p>Comme lui, elle a re\u00e7u J\u00e9sus-Christ comme Seigneur et Sauveur personnel vers la fin de l&rsquo;ann\u00e9e 1981, \u00e0 travers le minist\u00e8re des groupes de pri\u00e8re et les enseignements d\u2019affermissement du minist\u00e8re du Campus pour Christ. Ils rejoindront ensemble l&#8217;embryon de cellule de pri\u00e8re qui se r\u00e9unit pour prier et \u00e9couter la parole de Dieu au domicile du missionnaire Jacques Andr\u00e9 Vernaud \u00e0 Ma Campagne, dans la commune de Ngaliema, avant d&rsquo;aller s\u2019\u00e9tablir au quartier Binza-IPN pour former en 1984 le Centre \u00c9vang\u00e9lique Francophone La Borne.<\/p>\n\n\n\n<h6 class=\"wp-block-heading\">Ils ont appris \u00e0 servir Dieu aux pieds du pasteur Jacques Andr\u00e9 Vernaud, d\u2019heureuse m\u00e9moire. Leur appel au minist\u00e8re intervient en 1985 au d\u00e9partement de la Jeunesse o\u00f9 ils serviront jusqu&rsquo;en 1994.<\/h6>\n\n\n\n<p>Lorsqu&rsquo;en 1991, Marcel Bomboko est appel\u00e9 \u00e0 assister le pasteur Jacques Andr\u00e9 Vernaud, C\u00e9cile est ouvri\u00e8re au d\u00e9partement des Femmes.<br>Elle est du voyage quand son mari s&rsquo;inscrit au programme de licence en Th\u00e9ologie de la West Africa Advanced School of Theology (WAAST) ou encore FATAD, en sigle&nbsp; fran\u00e7ais, pour Facult\u00e9 de Th\u00e9ologie des Assembl\u00e9es de Dieu \u00e0 Lom\u00e9 o\u00f9 ils \u00e9tudient tous les deux.<br>A Lom\u00e9, Mme Bomboko initie avec d\u2019autres servantes, le d\u00e9partement des femmes de la chapelle internationale de la FATAD.<br>A leur retour \u00e0 Kinshasa en 1997, elle s&rsquo;engage et travaille \u00e0 la coordination des \u0153uvres sociales de La Borne et au d\u00e9partement des femmes.<\/p>\n\n\n\n<p><\/p>\n\n\n\n<h6 class=\"wp-block-heading\">En 1997, elle s&rsquo;inscrit avec son \u00e9poux au programme de Master et d\u00e9croche le dipl\u00f4me correspondant en missiologie dans la m\u00eame Facult\u00e9 en 2000. Et, depuis, elle est nomm\u00e9e professeur vacataire.<\/h6>\n\n\n\n<p>Mme C\u00e9cile Bomboko assure des nombreux cours parmi lesquels le grec ancien, au sein de la m\u00eame extension.<\/p>\n\n\n\n<h1 class=\"wp-block-heading\">Reconnaissance du minist\u00e8re pastoral<\/h1>\n\n\n\n<p>Alors que sa carte de membre de La Borne porte la mention \u00ab&nbsp;pasteur&nbsp;\u00bb depuis son retour de formation de Lom\u00e9 en 1997, ce n\u2019est que le 30 novembre 2014 \u00e0 10 heures 55 qu\u2019elle est officiellement reconnue dans ce minist\u00e8re par la Communaut\u00e9 des Assembl\u00e9es de Dieu de la RDC. Pour l&rsquo;occasion, le responsable du district est d\u00e9p\u00each\u00e9 pour l\u2019installer. L&rsquo;\u00e9v\u00e9nement est une grande premi\u00e8re parce que marquant une r\u00e9volution au sein de la CADC qui reconna\u00eet ainsi le minist\u00e8re de la femme pour la toute premi\u00e8re fois \u00e0 ce niveau, apr\u00e8s plus de 50 ans d\u2019\u00e9tablissement en RDC.<\/p>\n\n\n\n<h1 class=\"wp-block-heading\">Jusqu&rsquo;au Doctorat<\/h1>\n\n\n\n<p><strong>Les Bomboko<\/strong> s\u2019engageront tous les deux, en 2008, au programme de doctorat du PATHS (Pan Africa Theological Seminary), et entament des recherches dans le domaine de la Mission et Leadership pour Pr Marcel et Leadership et Mission pour Pr C\u00e9cile.<br>Le programme pour eux dure 10 ans pour plusieurs raisons.<\/p>\n\n\n\n<h1 class=\"wp-block-heading\">Ouvrages publi\u00e9s<\/h1>\n\n\n\n<p>Pendant qu\u2019ils sont aux \u00e9tudes, ils ne ch\u00f4ment pas. Le r\u00e9v\u00e9rend Marcel Bomboko assume simultan\u00e9ment plusieurs autres fonctions en Afrique et au pays, Dr C\u00e9cile s&rsquo;adonne \u00e0 la production livresque. Dans cet intervalle, elle a \u00e9dit\u00e9 les 4 ouvrages suivants&nbsp;:<\/p>\n\n\n\n<ol class=\"wp-block-list\">\n<li>\u00ab\u00a0<strong>L\u2019\u00e9pouse du Pasteur\u00a0\u00bb<\/strong>,&nbsp;une plaquette qui analyse le comportement et l\u2019influence que devrait avoir dans l\u2019\u00c9glise l\u2019\u00e9pouse de l\u2019homme de Dieu&nbsp;;<\/li>\n\n\n\n<li>\u00ab\u00a0<strong>Levons-nous et b\u00e2tissons\u00a0\u00bb<\/strong> d\u00e9montre que nous sommes tous appel\u00e9s \u00e0 b\u00e2tir nos vies, nos maisons et la maison de Dieu&nbsp;;<\/li>\n\n\n\n<li><strong>\u00ab\u00a0Le leadership f\u00e9minin\u00a0\u00bb<\/strong>, bien ancr\u00e9 dans son domaine de recherche, d\u00e9veloppe la probl\u00e9matique du minist\u00e8re de la femme \u00e0 la lumi\u00e8re des \u00e9critures bibliques&nbsp;;<\/li>\n\n\n\n<li><strong>\u00ab\u00a0Le mensonge&nbsp;: un vice ou une vertu&nbsp;?\u00a0\u00bb<\/strong> est un appel aux enfants de Dieu \u00e0 bannir ce vice.<\/li>\n<\/ol>\n\n\n\n<h1 class=\"wp-block-heading\">Le service de Dieu<\/h1>\n\n\n\n<p>Ils implantent des \u00e9glises \u00e0 Kinshasa, assurent les cours et lancent les \u0153uvres sociales suivantes&nbsp;:<\/p>\n\n\n\n<ul class=\"wp-block-list\">\n<li><strong>une \u00e9cole<\/strong> avec trois (3) cycles (<em>maternel, primaire, et secondaire<\/em>) dont la premi\u00e8re promotion a rejoint l\u2019universit\u00e9 en 2018 apr\u00e8s une brillante participation aux examens d\u2019\u00c9tat \u00e9dition 2017,<\/li>\n\n\n\n<li><strong>un centre hospitalier<\/strong> avec une m\u00e9decine de plusieurs sp\u00e9cialit\u00e9s, une maternit\u00e9 et des services d&rsquo;\u00e9ducation sanitaire et de sant\u00e9 publique.<br>Elle fait tout ceci en pouponnant ses petits-enfants.<\/li>\n<\/ul>\n","protected":false},"excerpt":{"rendered":"<p>Dr C\u00e9cile Bomboko est le premier pasteur assistant au pasteur titulaire du CEF La Banni\u00e8re, Dr Marcel Bomboko.<\/p>\n","protected":false},"author":1,"featured_media":0,"parent":68,"menu_order":0,"comment_status":"closed","ping_status":"closed","template":"","meta":{"_themeisle_gutenberg_block_has_review":false,"footnotes":""},"categories":[],"tags":[],"class_list":["post-95","page","type-page","status-publish","hentry"],"_links":{"self":[{"href":"https:\/\/labanniere.org\/index.php\/wp-json\/wp\/v2\/pages\/95","targetHints":{"allow":["GET"]}}],"collection":[{"href":"https:\/\/labanniere.org\/index.php\/wp-json\/wp\/v2\/pages"}],"about":[{"href":"https:\/\/labanniere.org\/index.php\/wp-json\/wp\/v2\/types\/page"}],"author":[{"embeddable":true,"href":"https:\/\/labanniere.org\/index.php\/wp-json\/wp\/v2\/users\/1"}],"replies":[{"embeddable":true,"href":"https:\/\/labanniere.org\/index.php\/wp-json\/wp\/v2\/comments?post=95"}],"version-history":[{"count":2,"href":"https:\/\/labanniere.org\/index.php\/wp-json\/wp\/v2\/pages\/95\/revisions"}],"predecessor-version":[{"id":213,"href":"https:\/\/labanniere.org\/index.php\/wp-json\/wp\/v2\/pages\/95\/revisions\/213"}],"up":[{"embeddable":true,"href":"https:\/\/labanniere.org\/index.php\/wp-json\/wp\/v2\/pages\/68"}],"wp:attachment":[{"href":"https:\/\/labanniere.org\/index.php\/wp-json\/wp\/v2\/media?parent=95"}],"wp:term":[{"taxonomy":"category","embeddable":true,"href":"https:\/\/labanniere.org\/index.php\/wp-json\/wp\/v2\/categories?post=95"},{"taxonomy":"post_tag","embeddable":true,"href":"https:\/\/labanniere.org\/index.php\/wp-json\/wp\/v2\/tags?post=95"}],"curies":[{"name":"wp","href":"https:\/\/api.w.org\/{rel}","templated":true}]}}