{"id":93,"date":"2023-10-25T17:29:51","date_gmt":"2023-10-25T15:29:51","guid":{"rendered":"https:\/\/labanniere.org\/?page_id=93"},"modified":"2023-10-25T19:17:33","modified_gmt":"2023-10-25T17:17:33","slug":"activites-et-extensions","status":"publish","type":"page","link":"https:\/\/labanniere.org\/index.php\/eglise\/activites-et-extensions\/","title":{"rendered":"Activit\u00e9s et Extensions"},"content":{"rendered":"\n<figure class=\"wp-block-image size-full\"><img decoding=\"async\" src=\"https:\/\/labanniere.net\/wp-content\/uploads\/2023\/02\/IMAGE2-scaled.jpg\" alt=\"\" class=\"wp-image-1140\"\/><\/figure>\n\n\n\n<p>Le Centre Evang\u00e9lique Francophone La Banni\u00e8re est une \u00e9glise locale avec plusieurs programmes et activit\u00e9s. En outre ses activit\u00e9s hebdomadaires, il organise des <strong>retraites<\/strong>, des <strong>semaines de pri\u00e8res<\/strong>, des <strong>campagnes \u00e9vang\u00e9liques<\/strong>, des <strong>s\u00e9minaires bibliques<\/strong>, des <strong>visites \u00e9vang\u00e9liques<\/strong> au sein des prisons, h\u00f4pitaux, hospices de vieillards, etc.<\/p>\n\n\n\n<ul class=\"wp-block-list\">\n<li><strong>Dimanche<\/strong>\n\n\n\n\n\n\n\n\n<ul class=\"wp-block-list\">\n<li>08h00-10h00 : Premier culte (Fran\u00e7ais).<\/li>\n\n\n\n<li>10h30-12h30 : Second culte (Fran\u00e7ais &#8211; Lingala).<\/li>\n\n\n\n<li>N.B. Les enfants ont leurs cultes adapt\u00e9s \u00e0 leurs niveaux pendant ces 2 cultes (ECODIM).<\/li>\n<\/ul>\n\n\n\n<ul class=\"wp-block-list\">\n<li><\/li>\n<\/ul>\n<\/li>\n\n\n\n<li><strong>Mardi <\/strong>\n<ul class=\"wp-block-list\">\n<li>09h00-17h00 : Entretien avec le Pasteur (Pause \u00e0 midi)<\/li>\n\n\n\n<li>16h00-17h30 : R\u00e9union des Femmes. <\/li>\n\n\n\n<li>17h30-18h30 : R\u00e9union des Hommes.<\/li>\n<\/ul>\n<\/li>\n\n\n\n<li><strong>Mercredi<\/strong>\n<ul class=\"wp-block-list\">\n<li>15h30-16h30 : Club de la Lecture de la Bible.<\/li>\n\n\n\n<li>17h00-19h00 : R\u00e9union d&rsquo;Etude Biblique.<\/li>\n<\/ul>\n<\/li>\n\n\n\n<li><strong>Jeudi<\/strong>\n<ul class=\"wp-block-list\">\n<li>17h00-18h00 : R\u00e9union dans nos diff\u00e9rentes cellules.<\/li>\n<\/ul>\n<\/li>\n\n\n\n<li><strong>Vendredi<\/strong>\n<ul class=\"wp-block-list\">\n<li>09h00-15h00 : Pri\u00e8res en \u00e9tat de je\u00fbne.<\/li>\n\n\n\n<li>17h00-19h00 : R\u00e9union d&rsquo;Intercession.<\/li>\n<\/ul>\n<\/li>\n\n\n\n<li><strong>Samedi<\/strong>\n<ul class=\"wp-block-list\">\n<li>16h00-18h00 : R\u00e9union des Jeunes.<\/li>\n<\/ul>\n<\/li>\n<\/ul>\n\n\n\n<h2 class=\"wp-block-heading\">Extensions<\/h2>\n\n\n\n<p>Aujourd&rsquo;hui le CEF LA BANNIERE compte au total 9 extensions et projets d&rsquo;extensions dans la ville de Kinshasa, dans le Congo profond ainsi qu&rsquo;en France dans la ville de Nantes : <\/p>\n\n\n\n<ol class=\"wp-block-list\">\n<li>EXTENSION DE KASA-VUBU : <\/li>\n\n\n\n<li>EXTENSION DE KISENSO<\/li>\n\n\n\n<li>EXTENSION DE NGALIEMA<\/li>\n\n\n\n<li>EXTENSION DE KINGABWA<\/li>\n\n\n\n<li>EXTENSION DE MATETE<\/li>\n\n\n\n<li>EXTENSION DE MOKALI<\/li>\n\n\n\n<li>EXTENSION DE KISANGANI<\/li>\n\n\n\n<li>EXTENSION DE LISALA<\/li>\n\n\n\n<li>EXTENSION DE KOLWEZI<\/li>\n\n\n\n<li>EXTENSION DE NANTES<\/li>\n<\/ol>\n","protected":false},"excerpt":{"rendered":"<p>Le Centre Evang\u00e9lique Francophone La Banni\u00e8re est une \u00e9glise locale avec plusieurs programmes et activit\u00e9s. En outre ses activit\u00e9s hebdomadaires, il organise des retraites, des semaines de pri\u00e8res, des campagnes&#8230;<\/p>\n","protected":false},"author":1,"featured_media":0,"parent":68,"menu_order":0,"comment_status":"closed","ping_status":"closed","template":"","meta":{"_themeisle_gutenberg_block_has_review":false,"footnotes":""},"categories":[],"tags":[],"class_list":["post-93","page","type-page","status-publish","hentry"],"_links":{"self":[{"href":"https:\/\/labanniere.org\/index.php\/wp-json\/wp\/v2\/pages\/93","targetHints":{"allow":["GET"]}}],"collection":[{"href":"https:\/\/labanniere.org\/index.php\/wp-json\/wp\/v2\/pages"}],"about":[{"href":"https:\/\/labanniere.org\/index.php\/wp-json\/wp\/v2\/types\/page"}],"author":[{"embeddable":true,"href":"https:\/\/labanniere.org\/index.php\/wp-json\/wp\/v2\/users\/1"}],"replies":[{"embeddable":true,"href":"https:\/\/labanniere.org\/index.php\/wp-json\/wp\/v2\/comments?post=93"}],"version-history":[{"count":2,"href":"https:\/\/labanniere.org\/index.php\/wp-json\/wp\/v2\/pages\/93\/revisions"}],"predecessor-version":[{"id":148,"href":"https:\/\/labanniere.org\/index.php\/wp-json\/wp\/v2\/pages\/93\/revisions\/148"}],"up":[{"embeddable":true,"href":"https:\/\/labanniere.org\/index.php\/wp-json\/wp\/v2\/pages\/68"}],"wp:attachment":[{"href":"https:\/\/labanniere.org\/index.php\/wp-json\/wp\/v2\/media?parent=93"}],"wp:term":[{"taxonomy":"category","embeddable":true,"href":"https:\/\/labanniere.org\/index.php\/wp-json\/wp\/v2\/categories?post=93"},{"taxonomy":"post_tag","embeddable":true,"href":"https:\/\/labanniere.org\/index.php\/wp-json\/wp\/v2\/tags?post=93"}],"curies":[{"name":"wp","href":"https:\/\/api.w.org\/{rel}","templated":true}]}}