{"id":91,"date":"2023-10-25T17:29:10","date_gmt":"2023-10-25T15:29:10","guid":{"rendered":"https:\/\/labanniere.org\/?page_id=91"},"modified":"2023-10-25T19:13:19","modified_gmt":"2023-10-25T17:13:19","slug":"departements","status":"publish","type":"page","link":"https:\/\/labanniere.org\/index.php\/eglise\/departements\/","title":{"rendered":"D\u00e9partements"},"content":{"rendered":"\n<p>Le Centre Evang\u00e9lique Francophone LA BANNIERE est subdivis\u00e9 en plusieurs D\u00e9partements ou Services compos\u00e9s des membres actifs pour l&rsquo;\u00e9dification du peuple de Dieu.<\/p>\n\n\n\n<h3 class=\"wp-block-heading\"><strong>D\u00e9partement de Musique<\/strong><\/h3>\n\n\n\n<p>Le d\u00e9partement de musique de la Banni\u00e8re est compos\u00e9 des fr\u00e8res et s\u0153urs qui servent Dieu par les chants.<\/p>\n\n\n\n<p>Pour sa petite histoire, il a&nbsp; commenc\u00e9 avec la naissance de l\u2019\u00e9glise en octobre 2002 et &nbsp;dirig\u00e9 \u00e0 ses premi\u00e8res heures par le fr\u00e8re Tity Nzita.<\/p>\n\n\n\n<p>Les activit\u00e9s du d\u00e9partement sont \u00e9troitement&nbsp; li\u00e9s \u00e0 celle de l\u2019\u00e9glise&nbsp; dans la mesure o\u00f9 ce d\u00e9partement accompagne les cultes, les campagnes d\u2019\u00e9vang\u00e9lisation, les s\u00e9minaires et autres.<\/p>\n\n\n\n<p>En outre,&nbsp; le d\u00e9partement organise&nbsp; des journ\u00e9es de pri\u00e8res, des concerts \u00e9vang\u00e9liques et des soir\u00e9es de partage.<\/p>\n\n\n\n<h6 class=\"wp-block-heading\"><strong>Contact<\/strong><\/h6>\n\n\n\n<p>Email: <a href=\"mailto:mail%20to:%20bannieremusic@labanniere.org\">musique@labanniere.org<\/a>, T\u00e9l.: &nbsp;0998158865<\/p>\n\n\n\n<h3 class=\"wp-block-heading\"><strong>D\u00e9partement d\u2019Intercession<\/strong><\/h3>\n\n\n\n<p>L\u2019Eglise du Seigneur ne peut fonctionner sans \u00e9quipe d\u2019intercession. Au sein de notre communaut\u00e9, il existe un d\u00e9partement d\u2019intercession dynamique.<\/p>\n\n\n\n<p>Ce d\u00e9partement a pour t\u00e2che de prier en faveur de l\u2019\u00e9glise, de la mission et de la nation<\/p>\n\n\n\n<p><strong>Contact<\/strong>&nbsp;:&nbsp;<a href=\"mailto:intercesssion@labanniere.org\">intercesssion@labanniere.org<\/a>, T\u00e9l.: 0810695908<\/p>\n\n\n\n<h3 class=\"wp-block-heading\"><strong>D\u00e9partement d\u2019Accueil<\/strong><\/h3>\n\n\n\n<p>Ce d\u00e9partement prend en charge la propret\u00e9&nbsp;; le protocole&nbsp;ainsi que la d\u00e9coration au sein de l\u2019\u00e9glise.<\/p>\n\n\n\n<p><strong>Contact<\/strong>&nbsp;:&nbsp;<a href=\"mailto:accueil@labanniere.org\">accueil@labanniere.org<\/a><\/p>\n\n\n\n<h3 class=\"wp-block-heading\"><strong>D\u00e9partement de la communication chr\u00e9tienne<\/strong><\/h3>\n\n\n\n<p>Ce d\u00e9partement est compos\u00e9 du service audiovisuel, de la librairie et de l\u2019\u00e9quipe d\u2019interpr\u00e8tes.<\/p>\n\n\n\n<h5 class=\"wp-block-heading\">Historique<\/h5>\n\n\n\n<p>Les activit\u00e9s de la Communication chr\u00e9tienne ont exist\u00e9 bien avant que ne soit organis\u00e9&nbsp;&nbsp; un d\u00e9partement de la Communication chr\u00e9tienne. C\u2019est donc le 05 mai 2005 qu\u2019il s\u2019est mis \u00e0 fonctionner en tant que tel avec le fr\u00e8re Elie Kanyanya.<\/p>\n\n\n\n<h5 class=\"wp-block-heading\">Activit\u00e9s<\/h5>\n\n\n\n<ul class=\"wp-block-list\">\n<li>&nbsp;production, duplication et diffusion des messages sur K7 audio et vid\u00e9o<\/li>\n\n\n\n<li>production et diffusion des trait\u00e9s, d\u00e9pliants, calendrier et autres<\/li>\n\n\n\n<li>\u00e9dition des recueils des chants dont \u00ab&nbsp;tous derri\u00e8re sa banni\u00e8re&nbsp;\u00bb.<\/li>\n\n\n\n<li>diffusion de la bible en plusieurs versions<\/li>\n\n\n\n<li>diffusion de la litt\u00e9rature chr\u00e9tienne<\/li>\n\n\n\n<li>diffusion de la musique chr\u00e9tienne<\/li>\n\n\n\n<li>gestion des communiqu\u00e9s et annonces<\/li>\n\n\n\n<li>interpr\u00e9tation<\/li>\n\n\n\n<li>reportage photo<\/li>\n\n\n\n<li>contact avec les m\u00e9dias<\/li>\n\n\n\n<li>relations publiques<\/li>\n<\/ul>\n\n\n\n<h5 class=\"wp-block-heading\">Contacts<\/h5>\n\n\n\n<p>Email: <a href=\"mailto:dcc@labanniere.org\">dcc@labanniere.org<\/a>,<\/p>\n\n\n\n<p>T\u00e9l.: 0815128381<\/p>\n\n\n\n<h3 class=\"wp-block-heading\"><strong>D\u00e9partement de Nettoyage et D\u00e9coration<\/strong><\/h3>\n\n\n\n<p>Ce d\u00e9partement est constitu\u00e9 des membres qui sont assign\u00e9s au nettoyage et \u00e0 la propret\u00e9 de l&rsquo;\u00e9glise.<\/p>\n\n\n\n<h5 class=\"wp-block-heading\">Activit\u00e9s<\/h5>\n\n\n\n<ul class=\"wp-block-list\">\n<li>Nettoyage de la salle<\/li>\n\n\n\n<li>Balayage de la salle<\/li>\n\n\n\n<li>Classement des chaises<\/li>\n\n\n\n<li>D\u00e9coration et entretien des feuilles<\/li>\n<\/ul>\n\n\n\n<h5 class=\"wp-block-heading\">Contacts<\/h5>\n\n\n\n<p>Email: <a href=\"mailto:nettoyage@labanniere.org\">nettoyage@labanniere.org<\/a>,<\/p>\n\n\n\n<p>T\u00e9l.: 0815128381<\/p>\n","protected":false},"excerpt":{"rendered":"<p>Le Centre Evang\u00e9lique Francophone LA BANNIERE est subdivis\u00e9 en plusieurs D\u00e9partements ou Services compos\u00e9s des membres actifs pour l&rsquo;\u00e9dification du peuple de Dieu. D\u00e9partement de Musique Le d\u00e9partement de musique&#8230;<\/p>\n","protected":false},"author":1,"featured_media":0,"parent":68,"menu_order":0,"comment_status":"closed","ping_status":"closed","template":"","meta":{"_themeisle_gutenberg_block_has_review":false,"footnotes":""},"categories":[],"tags":[],"class_list":["post-91","page","type-page","status-publish","hentry"],"_links":{"self":[{"href":"https:\/\/labanniere.org\/index.php\/wp-json\/wp\/v2\/pages\/91","targetHints":{"allow":["GET"]}}],"collection":[{"href":"https:\/\/labanniere.org\/index.php\/wp-json\/wp\/v2\/pages"}],"about":[{"href":"https:\/\/labanniere.org\/index.php\/wp-json\/wp\/v2\/types\/page"}],"author":[{"embeddable":true,"href":"https:\/\/labanniere.org\/index.php\/wp-json\/wp\/v2\/users\/1"}],"replies":[{"embeddable":true,"href":"https:\/\/labanniere.org\/index.php\/wp-json\/wp\/v2\/comments?post=91"}],"version-history":[{"count":2,"href":"https:\/\/labanniere.org\/index.php\/wp-json\/wp\/v2\/pages\/91\/revisions"}],"predecessor-version":[{"id":144,"href":"https:\/\/labanniere.org\/index.php\/wp-json\/wp\/v2\/pages\/91\/revisions\/144"}],"up":[{"embeddable":true,"href":"https:\/\/labanniere.org\/index.php\/wp-json\/wp\/v2\/pages\/68"}],"wp:attachment":[{"href":"https:\/\/labanniere.org\/index.php\/wp-json\/wp\/v2\/media?parent=91"}],"wp:term":[{"taxonomy":"category","embeddable":true,"href":"https:\/\/labanniere.org\/index.php\/wp-json\/wp\/v2\/categories?post=91"},{"taxonomy":"post_tag","embeddable":true,"href":"https:\/\/labanniere.org\/index.php\/wp-json\/wp\/v2\/tags?post=91"}],"curies":[{"name":"wp","href":"https:\/\/api.w.org\/{rel}","templated":true}]}}