{"id":89,"date":"2023-10-25T17:28:09","date_gmt":"2023-10-25T15:28:09","guid":{"rendered":"https:\/\/labanniere.org\/?page_id=89"},"modified":"2023-10-25T19:09:05","modified_gmt":"2023-10-25T17:09:05","slug":"a-propos","status":"publish","type":"page","link":"https:\/\/labanniere.org\/index.php\/eglise\/a-propos\/","title":{"rendered":"A propos"},"content":{"rendered":"\n<figure class=\"wp-block-image size-full\"><img fetchpriority=\"high\" decoding=\"async\" width=\"1344\" height=\"896\" src=\"https:\/\/labanniere.org\/wp-content\/uploads\/2023\/10\/1R8A2232-1.jpg\" alt=\"\" class=\"wp-image-139\" srcset=\"https:\/\/labanniere.org\/wp-content\/uploads\/2023\/10\/1R8A2232-1.jpg 1344w, https:\/\/labanniere.org\/wp-content\/uploads\/2023\/10\/1R8A2232-1-768x512.jpg 768w\" sizes=\"(max-width: 1344px) 100vw, 1344px\" \/><\/figure>\n\n\n\n<h6 class=\"wp-block-heading\">Le Centre \u00c9vang\u00e9lique Francophone la Banni\u00e8re est une \u00e9glise locale de la Communaut\u00e9 des Assembl\u00e9es de Dieu de la R\u00e9publique D\u00e9mocratique du Congo (CADC). Elle est une&nbsp; extension du Centre \u00c9vang\u00e9lique La Borne dans la commune de Barumbu.<\/h6>\n\n\n\n<p>Il vise \u00e0 \u00e9tendre le Royaume de Dieu ici-bas sur terre par la pr\u00e9dication de l\u2019\u00e9vangile, l\u2019implantation d\u2019\u00e9glises et par les \u0153uvres sociales.<\/p>\n\n\n\n<p>La Banni\u00e8re est une enseigne, un \u00e9tendard, un drapeau. J\u00e9sus-Christ a \u00e9t\u00e9 \u00e9lev\u00e9 afin d\u2019\u00eatre notre banni\u00e8re (Exode 17&nbsp;: 15 ; \u00c9sa\u00efe 5&nbsp;: 26&nbsp;; 11&nbsp;:10).<\/p>\n\n\n\n<p>La Banni\u00e8re \u00e9lev\u00e9e, la victoire est certaine car la Bible d\u00e9clare que nous sommes plus que vainqueurs par celui qui nous a aim\u00e9s&nbsp;&nbsp;(Romains &nbsp;8&nbsp;:37).<\/p>\n\n\n\n<hr class=\"wp-block-separator has-alpha-channel-opacity\"\/>\n\n\n\n<blockquote class=\"wp-block-quote is-layout-flow wp-block-quote-is-layout-flow\">\n<p>Notre devise, c\u2019est &nbsp;<strong><em>Recevoir, Garder, et Servir Christ, notre Banni\u00e8re<\/em><\/strong>.<\/p>\n<\/blockquote>\n","protected":false},"excerpt":{"rendered":"<p>Le Centre \u00c9vang\u00e9lique Francophone la Banni\u00e8re est une \u00e9glise locale de la Communaut\u00e9 des Assembl\u00e9es de Dieu de la R\u00e9publique D\u00e9mocratique du Congo (CADC). Elle est une&nbsp; extension du Centre&#8230;<\/p>\n","protected":false},"author":1,"featured_media":0,"parent":68,"menu_order":0,"comment_status":"closed","ping_status":"closed","template":"","meta":{"_themeisle_gutenberg_block_has_review":false,"footnotes":""},"categories":[],"tags":[],"class_list":["post-89","page","type-page","status-publish","hentry"],"_links":{"self":[{"href":"https:\/\/labanniere.org\/index.php\/wp-json\/wp\/v2\/pages\/89","targetHints":{"allow":["GET"]}}],"collection":[{"href":"https:\/\/labanniere.org\/index.php\/wp-json\/wp\/v2\/pages"}],"about":[{"href":"https:\/\/labanniere.org\/index.php\/wp-json\/wp\/v2\/types\/page"}],"author":[{"embeddable":true,"href":"https:\/\/labanniere.org\/index.php\/wp-json\/wp\/v2\/users\/1"}],"replies":[{"embeddable":true,"href":"https:\/\/labanniere.org\/index.php\/wp-json\/wp\/v2\/comments?post=89"}],"version-history":[{"count":3,"href":"https:\/\/labanniere.org\/index.php\/wp-json\/wp\/v2\/pages\/89\/revisions"}],"predecessor-version":[{"id":141,"href":"https:\/\/labanniere.org\/index.php\/wp-json\/wp\/v2\/pages\/89\/revisions\/141"}],"up":[{"embeddable":true,"href":"https:\/\/labanniere.org\/index.php\/wp-json\/wp\/v2\/pages\/68"}],"wp:attachment":[{"href":"https:\/\/labanniere.org\/index.php\/wp-json\/wp\/v2\/media?parent=89"}],"wp:term":[{"taxonomy":"category","embeddable":true,"href":"https:\/\/labanniere.org\/index.php\/wp-json\/wp\/v2\/categories?post=89"},{"taxonomy":"post_tag","embeddable":true,"href":"https:\/\/labanniere.org\/index.php\/wp-json\/wp\/v2\/tags?post=89"}],"curies":[{"name":"wp","href":"https:\/\/api.w.org\/{rel}","templated":true}]}}