{"id":87,"date":"2023-10-25T17:27:35","date_gmt":"2023-10-25T15:27:35","guid":{"rendered":"https:\/\/labanniere.org\/?page_id=87"},"modified":"2023-11-30T14:02:47","modified_gmt":"2023-11-30T13:02:47","slug":"pasteur-principal","status":"publish","type":"page","link":"https:\/\/labanniere.org\/index.php\/eglise\/pasteur-principal\/","title":{"rendered":"Pasteur Principal"},"content":{"rendered":"\n<figure class=\"wp-block-image size-full\"><img decoding=\"async\" src=\"http:\/\/labanniere.org\/wp-content\/uploads\/2023\/01\/MarcelBBK01.jpg\" alt=\"\" class=\"wp-image-137\"\/><\/figure>\n\n\n\n<p>Marcel Bomboko est le pasteur principal du <strong>Centre Evang\u00e9lique Francophone La Banni\u00e8re<\/strong> \u00e0 Barumbu\/Bon March\u00e9, qu\u2019il a implant\u00e9 en 2002. Il est professeur et directeur de la Facult\u00e9 de Th\u00e9ologie des Assembl\u00e9es de Dieu (FATAD) extension de Kinshasa.<\/p>\n\n\n\n<!--more-->\n\n\n\n<p><br>Et, depuis le 10 novembre 2018, docteur en <em><strong>Philosophie et Th\u00e9ologie des Assembl\u00e9es de Dieu<\/strong><\/em> \u00e0 la FATAD&nbsp;campus de Lom\u00e9 au Togo (<em>Orientation Mission et Leadership<\/em>) au sein de la promotion 2018 baptis\u00e9e \u00ab&nbsp;\u00c9claireurs des nations&nbsp;\u00bb, selon Matthieu 5&nbsp;:14-15.<br>Il a pr\u00e9sent\u00e9 sa th\u00e8se sur le sujet \u00ab\u00a0<strong>Toward a mission sending structure for the Assemblies of God in the Democratic Republic of Congo<\/strong>\u00a0\u00bb&nbsp;(ou Vers une structure d\u2019envoi en mission pour les Assembl\u00e9es de Dieu en RDC).<\/p>\n\n\n\n<h1 class=\"wp-block-heading\"><strong>Parcours<\/strong><\/h1>\n\n\n\n<p>Fin 1981, apr\u00e8s qu\u2019il ait re\u00e7u Christ \u00e0 travers le minist\u00e8re des groupes de pri\u00e8re et les enseignements d\u2019affermissement du minist\u00e8re du <strong>Campus pour Christ<\/strong>, Marcel Bomboko fait parti d\u2019un embryon de cellule de pri\u00e8re qui se r\u00e9unit pour prier et \u00e9couter la parole de Dieu au domicile du missionnaire <strong>Jacques Andr\u00e9 Vernaud<\/strong> \u00e0 Ma Campagne, dans la commune de Ngaliema. Ce groupe, s\u2019\u00e9largissant, ira s\u2019\u00e9tablir au quartier Binza-IPN et se fixer plus tard, en 1984, sous l&rsquo;appellation du <strong>Centre Evang\u00e9lique Francophone La Borne<\/strong>.<\/p>\n\n\n\n<h6 class=\"wp-block-heading\">Bomboko apprend et travaille aux pieds du pasteur Jacques Andr\u00e9 Vernaud. L&rsquo;appel au minist\u00e8re intervient en 1985.<\/h6>\n\n\n\n<p>D\u00e9j\u00e0 \u00e9tabli ancien de l\u2019Eglise, Marcel est ouvrier au d\u00e9partement de la Jeunesse dont il sera l\u2019un des responsables de 1985 \u00e0 1994. Ce d\u00e9partement de l\u2019Eglise de La Borne, a vu l\u2019\u00e9closion de minist\u00e8res avec des serviteurs aujourd\u2019hui diss\u00e9min\u00e9s \u00e0 travers le monde dans la mission de Dieu.<br>En 1991, Marcel Bomboko est appel\u00e9 \u00e0 assister le pasteur Jacques Andr\u00e9 Vernaud. Cet \u00e9pisode est momentan\u00e9ment interrompu entre 1994 et 1997 quand il s\u2019inscrit au programme de licence en <strong>Th\u00e9ologie de la West Africa Advanced School of Theology (WAAST) ou FATAD<\/strong>, en sigle&nbsp; fran\u00e7ais, pour Facult\u00e9 de Th\u00e9ologie des Assembl\u00e9es de Dieu. Il est \u00e9tudiant r\u00e9sidant \u00e0 Lom\u00e9 avec sa famille. Il assume au cours de la m\u00eame p\u00e9riode les fonctions de pasteur assistant \u00e0 la Chapelle Internationale de la FATAD, l\u00e0 sur place.<\/p>\n\n\n\n<p>De 1997 \u00e0 2002, quand il revient \u00e0 Kinshasa, Marcel reprend son poste de pasteur assistant aupr\u00e8s du pasteur Vernaud. Il participe de ce fait \u00e0 l\u2019implantation de plusieurs \u00e9glises, extensions de la Borne.<\/p>\n\n\n\n<p>En 1997, il poursuit ses \u00e9tudes dans le programme de Master et d\u00e9croche le dipl\u00f4me correspondant en missiologie au sein de la m\u00eame facult\u00e9 en 2000. Et, il est nomm\u00e9 professeur.<br>Membre du comit\u00e9 directeur et coordinateur du Centre par extension de Kinshasa qui a d\u00e9j\u00e0 sorti 13 promotions \u00e0 ce jour, le professeur Marcel Bomboko a dirig\u00e9 plusieurs m\u00e9moires de licence et de master pour les \u00e9tudiants de plusieurs nationalit\u00e9s africaines.<\/p>\n\n\n\n<h6 class=\"wp-block-heading\">Pour parfaire cette vocation et \u00e9largir son champ de vision, pasteur Bomboko s\u2019engage en 2008, au programme de doctorat du <strong>PATHS<\/strong> (Pan Africa Theological Seminary), et entame des recherches dans le domaine de la Mission et Leadership.<\/h6>\n\n\n\n<figure class=\"wp-block-image size-full\"><img decoding=\"async\" src=\"http:\/\/labanniere.org\/wp-content\/uploads\/2023\/01\/COUPLEBBK.jpg\" alt=\"\" class=\"wp-image-720\"\/><figcaption class=\"wp-element-caption\">Collation des grades acad\u00e9miques au titre de Docteurs pour le couple BOMBOKO<\/figcaption><\/figure>\n\n\n\n<p>Le programme dure un peu plus de 10 ans pour lui, parce que Bomboko n&rsquo;est pas un doctorant comme les autres. Au cours de la m\u00eame p\u00e9riode, il assume simultan\u00e9ment plusieurs autres fonctions en Afrique et au pays&nbsp;: (entre autres)<\/p>\n\n\n\n<p>Il est responsable pour l\u2019Afrique Centrale et le Nigeria du <strong>SAFT<\/strong> (Service Africain de Formation Th\u00e9ologique), un r\u00e9seau d&rsquo;enseignement et de soutien dont les services couvrent 72 \u00e9coles bibliques situ\u00e9es dans 30 pays du continent.<br>Le SAFT fournit soutien, service et enseignement aux professeurs des Assembl\u00e9es de Dieu en Afrique.<br>Marcel Bomboko si\u00e8ge au comit\u00e9 d\u2019homologation acad\u00e9mique et eccl\u00e9siastique des instituts bibliques.<\/p>\n\n\n\n<p>Il est au m\u00eame moment responsable en Afrique Centrale d\u2019une structure de m\u00eame nature que le SAFT, <strong>APTEA<\/strong> (The Association for Pentecostal Theological Education in Africa ou l\u2019Association pour la formation th\u00e9ologique pentec\u00f4tiste en Afrique),<\/p>\n\n\n\n<p>Il si\u00e8ge au conseil d\u2019administration de la <strong>Radio Parole Eternelle<\/strong> en qualit\u00e9 d\u2019administrateur,<\/p>\n\n\n\n<p>Il coordonne le <strong>r\u00e9seau des \u00e9glises du CEF La Borne<\/strong> depuis 2017.<\/p>\n\n\n\n<p>Il m\u00e8ne de front ces activit\u00e9s avec celles de l\u2019Eglise dont il a la direction \u00e0 Barumbu et qui a produit jusqu\u2019ici six (6) extensions \u00e0<em> Kasa-Vubu, Kisenso, Matete, Binza Village, Kingabwa<\/em>, alors que <em>Kisangani<\/em> (en province de la Tshopo et <em>Nantes<\/em> (en France) sont en phase d\u2019implantation.<\/p>\n\n\n\n<p>On pourrait \u00e9galement citer ici, parmi tant d\u2019autres initiatives, l\u2019acquisition de terrains et la construction du Temple de Dieu pour l&rsquo;assembl\u00e9e locale de Barumbu.<\/p>\n\n\n\n<h6 class=\"wp-block-heading\">Il est aussi promoteur des \u0153uvres sociales suivantes&nbsp;:<\/h6>\n\n\n\n<p>Une <a href=\"https:\/\/www.labanniere.net\/ecoban\"><strong>\u00e9cole<\/strong><\/a> avec trois (3) cycles (maternel, primaire, et secondaire) dont la premi\u00e8re promotion a rejoint l\u2019universit\u00e9 en 2018 apr\u00e8s une brillante participation aux examens d\u2019Etat \u00e9dition 2017,<br>un <a href=\"https:\/\/www.labanniere.net\/social\/le-centre-hospitalier\/\"><strong>centre hospitalier<\/strong><\/a> avec une m\u00e9decine de plusieurs sp\u00e9cialit\u00e9s, une maternit\u00e9 et des services d&rsquo;\u00e9ducation sanitaire et de sant\u00e9 publique.<\/p>\n\n\n\n<h6 class=\"wp-block-heading\">Sur le plan priv\u00e9<\/h6>\n\n\n\n<p>Le dr Marcel Bomboko est mari\u00e9&nbsp; au dr <a href=\"https:\/\/www.labanniere.net\/leglise\/les-pasteurs-assistants\/\"><strong>C\u00e9cile Bomboko<\/strong><\/a>, p\u00e8re et plusieurs fois grand-p\u00e8re.<\/p>\n","protected":false},"excerpt":{"rendered":"<p>Marcel Bomboko est le pasteur principal du Centre Evang\u00e9lique Francophone La Banni\u00e8re \u00e0 Barumbu\/Bon March\u00e9, qu\u2019il a implant\u00e9 en 2002. Il est professeur et directeur de la Facult\u00e9 de Th\u00e9ologie&#8230;<\/p>\n","protected":false},"author":1,"featured_media":0,"parent":68,"menu_order":0,"comment_status":"closed","ping_status":"closed","template":"","meta":{"_themeisle_gutenberg_block_has_review":false,"footnotes":""},"categories":[],"tags":[],"class_list":["post-87","page","type-page","status-publish","hentry"],"_links":{"self":[{"href":"https:\/\/labanniere.org\/index.php\/wp-json\/wp\/v2\/pages\/87","targetHints":{"allow":["GET"]}}],"collection":[{"href":"https:\/\/labanniere.org\/index.php\/wp-json\/wp\/v2\/pages"}],"about":[{"href":"https:\/\/labanniere.org\/index.php\/wp-json\/wp\/v2\/types\/page"}],"author":[{"embeddable":true,"href":"https:\/\/labanniere.org\/index.php\/wp-json\/wp\/v2\/users\/1"}],"replies":[{"embeddable":true,"href":"https:\/\/labanniere.org\/index.php\/wp-json\/wp\/v2\/comments?post=87"}],"version-history":[{"count":2,"href":"https:\/\/labanniere.org\/index.php\/wp-json\/wp\/v2\/pages\/87\/revisions"}],"predecessor-version":[{"id":212,"href":"https:\/\/labanniere.org\/index.php\/wp-json\/wp\/v2\/pages\/87\/revisions\/212"}],"up":[{"embeddable":true,"href":"https:\/\/labanniere.org\/index.php\/wp-json\/wp\/v2\/pages\/68"}],"wp:attachment":[{"href":"https:\/\/labanniere.org\/index.php\/wp-json\/wp\/v2\/media?parent=87"}],"wp:term":[{"taxonomy":"category","embeddable":true,"href":"https:\/\/labanniere.org\/index.php\/wp-json\/wp\/v2\/categories?post=87"},{"taxonomy":"post_tag","embeddable":true,"href":"https:\/\/labanniere.org\/index.php\/wp-json\/wp\/v2\/tags?post=87"}],"curies":[{"name":"wp","href":"https:\/\/api.w.org\/{rel}","templated":true}]}}