{"id":85,"date":"2023-10-25T17:27:08","date_gmt":"2023-10-25T15:27:08","guid":{"rendered":"https:\/\/labanniere.org\/?page_id=85"},"modified":"2023-10-25T19:15:01","modified_gmt":"2023-10-25T17:15:01","slug":"doctrine","status":"publish","type":"page","link":"https:\/\/labanniere.org\/index.php\/eglise\/doctrine\/","title":{"rendered":"Doctrine"},"content":{"rendered":"\n<figure class=\"wp-block-image size-full\"><img decoding=\"async\" src=\"https:\/\/labanniere.net\/wp-content\/uploads\/2023\/02\/IMAGE3-scaled.jpg\" alt=\"\" class=\"wp-image-1137\"\/><\/figure>\n\n\n\n<p>Le Centre \u00c9vang\u00e9lique Francophone LA BANNI\u00c8RE \u00e9tant une \u00e9glise Pentec\u00f4tiste des Assembl\u00e9es de Dieu au Congo et une extension de La Borne, a une foi et une doctrine qu&rsquo;elle partage et sur laquelle elle est fond\u00e9e. Nous croyons donc que:<\/p>\n\n\n\n<ol class=\"wp-block-list\" start=\"1\">\n<li><strong>La Bible constitue la Parole inspir\u00e9e de Dieu,&nbsp;<\/strong>l\u2019infaillible r\u00e8gle de foi et de la conduite de l\u2019Assembl\u00e9e chr\u00e9tienne en g\u00e9n\u00e9ral et du chr\u00e9tien en particulier. (<a href=\"https:\/\/www.bibleserver.com\/S21\/Jean17\" target=\"_blank\" rel=\"noreferrer noopener\">Jean 17<\/a>&nbsp;:17, <a href=\"https:\/\/www.bibleserver.com\/S21\/2%20Timoth%C3%A9e3\" target=\"_blank\" rel=\"noreferrer noopener\">II Timoth\u00e9e 3<\/a>&nbsp;:15-16, II Pie 1&nbsp;:21)&nbsp;;<\/li>\n\n\n\n<li><strong>Le seul Dieu vrai et vivant qui est \u00e9ternellement existant par lui-m\u00eame&nbsp;<\/strong>: Le \u00ab&nbsp;Je Suis&nbsp;\u00bb s\u2019est r\u00e9v\u00e9l\u00e9 comme \u00e9tant&nbsp;<strong>un<\/strong>&nbsp;en trois personnes&nbsp;( P\u00e8re,&nbsp; Fils et Saint \u2013 Esprit).&nbsp;(<a href=\"https:\/\/www.bibleserver.com\/S21\/Exode3\" target=\"_blank\" rel=\"noreferrer noopener\">Ex 3<\/a>&nbsp;:14, Deut 6&nbsp;:4, Mat 28&nbsp;:19, <a href=\"https:\/\/www.bibleserver.com\/S21\/Marc12\" target=\"_blank\" rel=\"noreferrer noopener\">Marc 12<\/a>&nbsp;:29, <a href=\"https:\/\/www.bibleserver.com\/S21\/Jean8\" target=\"_blank\" rel=\"noreferrer noopener\">Jean 8<\/a>&nbsp;:58)<\/li>\n\n\n\n<li><strong>L\u2019homme a \u00e9t\u00e9<\/strong>&nbsp;<strong>cr\u00e9\u00e9 pur et innocent<\/strong>, mais il devint p\u00e9cheur par la transgression volontaire de la loi de Dieu et devint ainsi coupable. (Gen1&nbsp;:26-31, Gen 3&nbsp;:17, <a href=\"https:\/\/www.bibleserver.com\/S21\/Romains5\" target=\"_blank\" rel=\"noreferrer noopener\">Romains 5<\/a>&nbsp;:12-21)<\/li>\n\n\n\n<li><strong>Le salut est en Christ J\u00e9sus seul&nbsp;<\/strong>qui mourut pour nous sur la croix, fut enseveli et ressuscita le troisi\u00e8me jour. La r\u00e9demption est acquise par son sang. (Rom 5&nbsp;:6-10, Rom 10&nbsp;:8-15, I <a href=\"https:\/\/www.bibleserver.com\/S21\/1%20Corinthiens15\" target=\"_blank\" rel=\"noreferrer noopener\">Cor 15<\/a>&nbsp;:3-4, <a href=\"https:\/\/www.bibleserver.com\/S21\/Tite2\" target=\"_blank\" rel=\"noreferrer noopener\">Tite 2<\/a>&nbsp;:11, <a href=\"https:\/\/www.bibleserver.com\/S21\/Tite3\" target=\"_blank\" rel=\"noreferrer noopener\">Tite 5<\/a>&nbsp;:5-7)<\/li>\n\n\n\n<li><strong>Le bapt\u00eame par immersion&nbsp;<\/strong>estdonn\u00e9 \u00e0 ceux qui sont pass\u00e9s par la repentance et qui ont re\u00e7u J\u00e9sus-Christ comme Sauveur et Seigneur.&nbsp;(Mat 28&nbsp;:19, <a href=\"https:\/\/www.bibleserver.com\/S21\/Marc16\" target=\"_blank\" rel=\"noreferrer noopener\">Marc 16<\/a>&nbsp;:16, <a href=\"https:\/\/www.bibleserver.com\/S21\/Actes10\" target=\"_blank\" rel=\"noreferrer noopener\">Ac 10<\/a>&nbsp;: 17-18)<\/li>\n\n\n\n<li><strong>Le bapt\u00eame du Saint-Esprit&nbsp;<\/strong>dont le signe initial est le parler en langues est tr\u00e8s capital pour tout Chr\u00e9tien. (<a href=\"https:\/\/www.bibleserver.com\/S21\/Actes2\" target=\"_blank\" rel=\"noreferrer noopener\">Ac 2<\/a>&nbsp;:8, <a href=\"https:\/\/www.bibleserver.com\/S21\/Actes10\" target=\"_blank\" rel=\"noreferrer noopener\">Ac 10<\/a>&nbsp;:44-48, <a href=\"https:\/\/www.bibleserver.com\/S21\/Actes19\" target=\"_blank\" rel=\"noreferrer noopener\">Ac 19<\/a>&nbsp;:6)<\/li>\n\n\n\n<li><strong>Les dons du Saint Esprit&nbsp;<\/strong>&nbsp;et les diff\u00e9rents minist\u00e8res selon le Nouveau Testament sont indispensables pour la vie d\u2019une \u00e9glise. ( Eph 4&nbsp;:11-12, I <a href=\"https:\/\/www.bibleserver.com\/S21\/1%20Corinthiens10\" target=\"_blank\" rel=\"noreferrer noopener\">Cor 10<\/a>&nbsp;:1-11)<\/li>\n\n\n\n<li><strong>La saintet\u00e9 de la vie&nbsp;<\/strong>dans l\u2019ob\u00e9issance au commandement divin&nbsp;:&nbsp;\u00ab&nbsp; Soyez Saints&nbsp;\u00bb est&nbsp; le mode vie de tout chr\u00e9tien. (I Pie 1:15-16, I Thes 5:23, <a href=\"https:\/\/www.bibleserver.com\/S21\/H%C3%A9breux12%3A14\" target=\"_blank\" rel=\"noreferrer noopener\">Heb 12:14<\/a>, <a href=\"https:\/\/www.bibleserver.com\/S21\/1%20Jean2%3A6\" target=\"_blank\" rel=\"noreferrer noopener\">I Jean 2:6<\/a>)<\/li>\n\n\n\n<li><strong>La gu\u00e9rison divine<\/strong>&nbsp;<strong>et&nbsp; la d\u00e9livrance<\/strong>&nbsp;ont \u00e9t\u00e9 acquises par le sacrifice de J\u00e9sus au calvaire. (<a href=\"https:\/\/www.bibleserver.com\/S21\/%C3%89sa%C3%AFe53\" target=\"_blank\" rel=\"noreferrer noopener\">Es 53<\/a>&nbsp;:4-5, Mat 8&nbsp;:16-17, <a href=\"https:\/\/www.bibleserver.com\/S21\/Marc16\" target=\"_blank\" rel=\"noreferrer noopener\">Marc 16<\/a>&nbsp;:17-18, <a href=\"https:\/\/www.bibleserver.com\/S21\/Jacques5\" target=\"_blank\" rel=\"noreferrer noopener\">Jacques 5<\/a>&nbsp;:14, I Pie 2&nbsp;:24)<\/li>\n\n\n\n<li><strong>La Sainte C\u00e8ne<\/strong>&nbsp;ou communion, est ordonn\u00e9e \u00e0 tout Chr\u00e9tien en m\u00e9moire du Seigneur J\u00e9sus-Christ jusqu\u2019\u00e0 son retour. (<a href=\"https:\/\/www.bibleserver.com\/S21\/Luc22\" target=\"_blank\" rel=\"noreferrer noopener\">Luc 22<\/a>&nbsp;:14-20, I <a href=\"https:\/\/www.bibleserver.com\/S21\/1%20Corinthiens11\" target=\"_blank\" rel=\"noreferrer noopener\">Cor 11<\/a>&nbsp;:23-24)<\/li>\n\n\n\n<li><strong>La seconde venue du Seigneur J\u00e9sus-Christ&nbsp;<\/strong>Lui-m\u00eame, esp\u00e9rance b\u00e9nie et plac\u00e9e devant tout croyant. (I <a href=\"https:\/\/www.bibleserver.com\/S21\/1%20Corinthiens15\" target=\"_blank\" rel=\"noreferrer noopener\">Cor 15<\/a>&nbsp;:20-24, I <a href=\"https:\/\/www.bibleserver.com\/S21\/1%20Corinthiens15\" target=\"_blank\" rel=\"noreferrer noopener\">Cor 15<\/a>&nbsp;:51-57, I Thes 4&nbsp;:13-17, I Thes 4&nbsp;:13-17, <a href=\"https:\/\/www.bibleserver.com\/S21\/Apocalypse20\" target=\"_blank\" rel=\"noreferrer noopener\">Ap 20<\/a>&nbsp;: 4-5)<\/li>\n\n\n\n<li><strong>Le ch\u00e2timent \u00e9ternel<\/strong>&nbsp;est r\u00e9serv\u00e9 pour ceux qui ne sont pas inscrits dans le livre de Vie. (Mat 25&nbsp;:26, <a href=\"https:\/\/www.bibleserver.com\/S21\/Apocalypse20\" target=\"_blank\" rel=\"noreferrer noopener\">Ap 20<\/a>&nbsp;:11-15)<\/li>\n<\/ol>\n","protected":false},"excerpt":{"rendered":"<p>Le Centre \u00c9vang\u00e9lique Francophone LA BANNI\u00c8RE \u00e9tant une \u00e9glise Pentec\u00f4tiste des Assembl\u00e9es de Dieu au Congo et une extension de La Borne, a une foi et une doctrine qu&rsquo;elle partage&#8230;<\/p>\n","protected":false},"author":1,"featured_media":0,"parent":68,"menu_order":0,"comment_status":"closed","ping_status":"closed","template":"","meta":{"_themeisle_gutenberg_block_has_review":false,"footnotes":""},"categories":[],"tags":[],"class_list":["post-85","page","type-page","status-publish","hentry"],"_links":{"self":[{"href":"https:\/\/labanniere.org\/index.php\/wp-json\/wp\/v2\/pages\/85","targetHints":{"allow":["GET"]}}],"collection":[{"href":"https:\/\/labanniere.org\/index.php\/wp-json\/wp\/v2\/pages"}],"about":[{"href":"https:\/\/labanniere.org\/index.php\/wp-json\/wp\/v2\/types\/page"}],"author":[{"embeddable":true,"href":"https:\/\/labanniere.org\/index.php\/wp-json\/wp\/v2\/users\/1"}],"replies":[{"embeddable":true,"href":"https:\/\/labanniere.org\/index.php\/wp-json\/wp\/v2\/comments?post=85"}],"version-history":[{"count":2,"href":"https:\/\/labanniere.org\/index.php\/wp-json\/wp\/v2\/pages\/85\/revisions"}],"predecessor-version":[{"id":146,"href":"https:\/\/labanniere.org\/index.php\/wp-json\/wp\/v2\/pages\/85\/revisions\/146"}],"up":[{"embeddable":true,"href":"https:\/\/labanniere.org\/index.php\/wp-json\/wp\/v2\/pages\/68"}],"wp:attachment":[{"href":"https:\/\/labanniere.org\/index.php\/wp-json\/wp\/v2\/media?parent=85"}],"wp:term":[{"taxonomy":"category","embeddable":true,"href":"https:\/\/labanniere.org\/index.php\/wp-json\/wp\/v2\/categories?post=85"},{"taxonomy":"post_tag","embeddable":true,"href":"https:\/\/labanniere.org\/index.php\/wp-json\/wp\/v2\/tags?post=85"}],"curies":[{"name":"wp","href":"https:\/\/api.w.org\/{rel}","templated":true}]}}