{"id":83,"date":"2023-10-25T17:26:34","date_gmt":"2023-10-25T15:26:34","guid":{"rendered":"https:\/\/labanniere.org\/?page_id=83"},"modified":"2023-10-25T19:15:42","modified_gmt":"2023-10-25T17:15:42","slug":"historique","status":"publish","type":"page","link":"https:\/\/labanniere.org\/index.php\/eglise\/historique\/","title":{"rendered":"Historique"},"content":{"rendered":"\n<h6 class=\"wp-block-heading\">Apr\u00e8s l\u2019accord de la hi\u00e9rarchie, nous avions fait une premi\u00e8re descente \u00e0 Barumbu (une des communes dans la ville de Kinshasa) le 13 avril 2002 pour entrer en contact avec un fr\u00e8re qui avait toujours souhait\u00e9 que l\u2019\u00e9glise s\u2019implante de ce c\u00f4t\u00e9 de la ville.<\/h6>\n\n\n\n<p>Ainsi, le 17 Avril 2002, nous avions eu une premi\u00e8re rencontre constitu\u00e9e de 7 personnes dont deux membres du d\u00e9partement de l\u2019\u00e9vang\u00e9lisation de l\u2019\u00e9glise La Borne, trois personnes habitant dans la parcelle, mon \u00e9pouse et moi.<br>De cette fa\u00e7on, nous avions d\u00e9marr\u00e9 la cellule sur l\u2019avenue Kasongo n\u00b032 au croisement des avenues Itaga et Syndicats \u00e0 Barumbu.<\/p>\n\n\n\n<p>Tout en cherchant un lieu pour installer l\u2019\u00e9glise, nos r\u00e9unions ont continu\u00e9 \u00e0 se d\u00e9rouler normalement chaque lundi et jeudi de 17h \u00e0 19h.<\/p>\n\n\n\n<hr class=\"wp-block-separator has-alpha-channel-opacity\"\/>\n\n\n<div class=\"wp-block-image\">\n<figure class=\"alignright size-full\"><img decoding=\"async\" src=\"https:\/\/labanniere.net\/wp-content\/uploads\/2023\/02\/Old.jpg\" alt=\"\" class=\"wp-image-1130\"\/><figcaption class=\"wp-element-caption\">Construction de l&rsquo;engarre de l&rsquo;ancien b\u00e2timent en face de l&rsquo;ISTA<\/figcaption><\/figure>\n<\/div>\n\n\n<p><strong>Enfin, nous avions trouv\u00e9 un lieu sur l\u2019avenue A\u00e9rodrome n\u00b0 4292 en face de l\u2019Institut Sup\u00e9rieur de Techniques Appliqu\u00e9es (ISTA).<\/strong><\/p>\n\n\n\n<p>La premi\u00e8re r\u00e9union dans ce nouveau cadre a eu lieu le 2 Septembre 2002.<\/p>\n\n\n\n<p>En date du 10 Octobre 2002, la campagne d\u2019\u00e9vang\u00e9lisation a commenc\u00e9 jusqu\u2019au 12 Octobre 2002. Le premier culte a eu lieu le dimanche 13 Octobre 2002, avec une assistance de 785 adultes, la plupart venus des extensions de la Borne pour encourager l\u2019\u00e9glise naissante. 40 enfants \u00e9taient de la partie.<\/p>\n\n\n\n<p>Nos cultes ont continu\u00e9 avec, au d\u00e9but, une assistance de 150 \u00e0 200 personnes, sans compter les enfants. Pendant un temps, nous avons eu \u00e0 supporter le soleil, la pluie et la boue jusqu\u2019au jour o\u00f9 le hangar a \u00e9t\u00e9 \u00e9rig\u00e9.<\/p>\n\n\n\n<hr class=\"wp-block-separator has-alpha-channel-opacity\"\/>\n\n\n<div class=\"wp-block-image\">\n<figure class=\"alignleft size-full\"><img decoding=\"async\" src=\"https:\/\/labanniere.net\/wp-content\/uploads\/2023\/02\/10646638_962740727073425_7190707145991726547_n.jpg\" alt=\"\" class=\"wp-image-1128\"\/><figcaption class=\"wp-element-caption\">Lancement des activit\u00e9s de construction du B\u00e2timent en Octobre 2016<\/figcaption><\/figure>\n<\/div>\n\n\n<p><strong>Depuis 2015, nous avons acquis une propri\u00e9t\u00e9 sur l\u2019avenue Essandja n\u00b012-14 (en face de l\u2019H\u00f4tel Ph\u00e9nix).<\/strong><\/p>\n\n\n\n<p>Nous y b\u00e2tissons un temple \u00e0 la gloire de Dieu. Les travaux pourront s\u2019achever au cours de l\u2019ann\u00e9e 2018, si Dieu le veut.<\/p>\n\n\n\n<p>A ce jour, nous avons une assistance moyenne de plus de 1200 adultes et de nombreux enfants.<\/p>\n\n\n\n<figure class=\"wp-block-image size-full\"><img decoding=\"async\" src=\"https:\/\/labanniere.net\/wp-content\/uploads\/2023\/02\/1R8A2232.jpg\" alt=\"\" class=\"wp-image-1132\"\/><figcaption class=\"wp-element-caption\">Nouveau b\u00e2timent du CEF La Banni\u00e8re, inaugur\u00e9 au mois d&rsquo;Octobre 2022<\/figcaption><\/figure>\n\n\n\n<p><\/p>\n","protected":false},"excerpt":{"rendered":"<p>Apr\u00e8s l\u2019accord de la hi\u00e9rarchie, nous avions fait une premi\u00e8re descente \u00e0 Barumbu (une des communes dans la ville de Kinshasa) le 13 avril 2002 pour entrer en contact avec&#8230;<\/p>\n","protected":false},"author":1,"featured_media":0,"parent":68,"menu_order":0,"comment_status":"closed","ping_status":"closed","template":"","meta":{"_themeisle_gutenberg_block_has_review":false,"footnotes":""},"categories":[],"tags":[],"class_list":["post-83","page","type-page","status-publish","hentry"],"_links":{"self":[{"href":"https:\/\/labanniere.org\/index.php\/wp-json\/wp\/v2\/pages\/83","targetHints":{"allow":["GET"]}}],"collection":[{"href":"https:\/\/labanniere.org\/index.php\/wp-json\/wp\/v2\/pages"}],"about":[{"href":"https:\/\/labanniere.org\/index.php\/wp-json\/wp\/v2\/types\/page"}],"author":[{"embeddable":true,"href":"https:\/\/labanniere.org\/index.php\/wp-json\/wp\/v2\/users\/1"}],"replies":[{"embeddable":true,"href":"https:\/\/labanniere.org\/index.php\/wp-json\/wp\/v2\/comments?post=83"}],"version-history":[{"count":3,"href":"https:\/\/labanniere.org\/index.php\/wp-json\/wp\/v2\/pages\/83\/revisions"}],"predecessor-version":[{"id":147,"href":"https:\/\/labanniere.org\/index.php\/wp-json\/wp\/v2\/pages\/83\/revisions\/147"}],"up":[{"embeddable":true,"href":"https:\/\/labanniere.org\/index.php\/wp-json\/wp\/v2\/pages\/68"}],"wp:attachment":[{"href":"https:\/\/labanniere.org\/index.php\/wp-json\/wp\/v2\/media?parent=83"}],"wp:term":[{"taxonomy":"category","embeddable":true,"href":"https:\/\/labanniere.org\/index.php\/wp-json\/wp\/v2\/categories?post=83"},{"taxonomy":"post_tag","embeddable":true,"href":"https:\/\/labanniere.org\/index.php\/wp-json\/wp\/v2\/tags?post=83"}],"curies":[{"name":"wp","href":"https:\/\/api.w.org\/{rel}","templated":true}]}}