{"id":76,"date":"2023-10-25T17:25:02","date_gmt":"2023-10-25T15:25:02","guid":{"rendered":"https:\/\/labanniere.org\/?page_id=76"},"modified":"2023-11-30T14:12:29","modified_gmt":"2023-11-30T13:12:29","slug":"contacts","status":"publish","type":"page","link":"https:\/\/labanniere.org\/index.php\/contacts\/","title":{"rendered":"Contacts"},"content":{"rendered":"\n<iframe src=\"https:\/\/www.google.com\/maps\/embed?pb=!1m18!1m12!1m3!1d3345.497215310296!2d15.327344563688795!3d-4.318809632460025!2m3!1f0!2f0!3f0!3m2!1i1024!2i768!4f13.1!3m3!1m2!1s0x1a6a341d8628837b%3A0xbf4abf63059278de!2sCEF%20La%20Banni%C3%A8re!5e0!3m2!1sfr!2scd!4v1675168523534!5m2!1sfr!2scd\" width=\"800\" height=\"450\" style=\"border:0;\" allowfullscreen=\"true\" loading=\"lazy\" referrerpolicy=\"no-referrer-when-downgrade\"><\/iframe>\n\n\n\n<p>12-14, Avenue Essandja, Quartier KAPINGA, Commune de Barumbu, Bon-March\u00e9, R\u00e9f.: H\u00f4tel Ph\u00e9nix<\/p>\n\n\n\n<hr class=\"wp-block-separator has-alpha-channel-opacity is-style-dots\"\/>\n\n\n\n<h2 class=\"wp-block-heading\">T\u00e9l\u00e9phones<\/h2>\n\n\n\n<p><strong>+243 0808 369 380<\/strong> | <strong>+243 81 68 87 480 | +243 99 99 25 562<\/strong><\/p>\n\n\n\n<hr class=\"wp-block-separator has-alpha-channel-opacity is-style-dots\"\/>\n\n\n\n<h2 class=\"wp-block-heading\">Email<\/h2>\n\n\n\n<p>contact@labanniere.org<\/p>\n\n\n\n<hr class=\"wp-block-separator has-alpha-channel-opacity is-style-dots\"\/>\n\n\n\n<h2 class=\"wp-block-heading\">R\u00e9seaux sociaux<\/h2>\n\n\n\n<div class=\"wp-block-media-text alignwide is-stacked-on-mobile\" style=\"grid-template-columns:29% auto\"><figure class=\"wp-block-media-text__media\"><img decoding=\"async\" src=\"https:\/\/labanniere.org\/wp-content\/uploads\/2023\/01\/FACEBOOK-1.png\" alt=\"\" class=\"wp-image-858 size-full\"\/><\/figure><div class=\"wp-block-media-text__content\">\n<p><strong><a href=\"https:\/\/web.facebook.com\/Ceflabanniere\">CEF La Banni\u00e8re<\/a><\/strong> (Page)<\/p>\n\n\n\n<p><strong><a href=\"https:\/\/web.facebook.com\/groups\/ceflabanniere\/\">CEF LA BANNIERE<\/a><\/strong> (Groupe)<\/p>\n<\/div><\/div>\n\n\n\n<div class=\"wp-block-media-text alignwide is-stacked-on-mobile\" style=\"grid-template-columns:29% auto\"><figure class=\"wp-block-media-text__media\"><img decoding=\"async\" src=\"https:\/\/labanniere.org\/wp-content\/uploads\/2023\/01\/Instagram.png\" alt=\"\" class=\"wp-image-860 size-full\"\/><\/figure><div class=\"wp-block-media-text__content\">\n<p class=\"has-text-align-left\"><strong><a href=\"https:\/\/www.instagram.com\/ceflabanniere\/\">CEF La Banni\u00e8re<\/a><\/strong><\/p>\n<\/div><\/div>\n\n\n\n<div class=\"wp-block-media-text alignwide is-stacked-on-mobile\" style=\"grid-template-columns:29% auto\"><figure class=\"wp-block-media-text__media\"><img decoding=\"async\" src=\"https:\/\/labanniere.org\/wp-content\/uploads\/2023\/01\/Youtube.png\" alt=\"\" class=\"wp-image-859 size-full\"\/><\/figure><div class=\"wp-block-media-text__content\">\n<p class=\"has-text-align-left\"><a rel=\"noreferrer noopener\" href=\"https:\/\/www.youtube.com\/channel\/UCHHhHL64yt89JdUt-hTb2Xw\" target=\"_blank\"><strong>CEF LA BANNIERE TV<\/strong><\/a><\/p>\n<\/div><\/div>\n\n\n\n<div class=\"wp-block-media-text alignwide is-stacked-on-mobile\" style=\"grid-template-columns:29% auto\"><figure class=\"wp-block-media-text__media\"><img decoding=\"async\" src=\"https:\/\/labanniere.org\/wp-content\/uploads\/2023\/01\/SOUNDl.png\" alt=\"\" class=\"wp-image-864 size-full\"\/><\/figure><div class=\"wp-block-media-text__content\">\n<p class=\"has-text-align-left\">Suivez-nous sur SoundCloud<br><strong><a href=\"https:\/\/soundcloud.com\/user-993874391\" target=\"_blank\" rel=\"noreferrer noopener\">CEF LA BANNIERE TV<\/a><\/strong><\/p>\n<\/div><\/div>\n","protected":false},"excerpt":{"rendered":"<p>12-14, Avenue Essandja, Quartier KAPINGA, Commune de Barumbu, Bon-March\u00e9, R\u00e9f.: H\u00f4tel Ph\u00e9nix T\u00e9l\u00e9phones +243 0808 369 380 | +243 81 68 87 480 | +243 99 99 25 562 Email&#8230;<\/p>\n","protected":false},"author":1,"featured_media":0,"parent":0,"menu_order":0,"comment_status":"closed","ping_status":"closed","template":"","meta":{"_themeisle_gutenberg_block_has_review":false,"footnotes":""},"categories":[],"tags":[],"class_list":["post-76","page","type-page","status-publish","hentry"],"_links":{"self":[{"href":"https:\/\/labanniere.org\/index.php\/wp-json\/wp\/v2\/pages\/76","targetHints":{"allow":["GET"]}}],"collection":[{"href":"https:\/\/labanniere.org\/index.php\/wp-json\/wp\/v2\/pages"}],"about":[{"href":"https:\/\/labanniere.org\/index.php\/wp-json\/wp\/v2\/types\/page"}],"author":[{"embeddable":true,"href":"https:\/\/labanniere.org\/index.php\/wp-json\/wp\/v2\/users\/1"}],"replies":[{"embeddable":true,"href":"https:\/\/labanniere.org\/index.php\/wp-json\/wp\/v2\/comments?post=76"}],"version-history":[{"count":2,"href":"https:\/\/labanniere.org\/index.php\/wp-json\/wp\/v2\/pages\/76\/revisions"}],"predecessor-version":[{"id":220,"href":"https:\/\/labanniere.org\/index.php\/wp-json\/wp\/v2\/pages\/76\/revisions\/220"}],"wp:attachment":[{"href":"https:\/\/labanniere.org\/index.php\/wp-json\/wp\/v2\/media?parent=76"}],"wp:term":[{"taxonomy":"category","embeddable":true,"href":"https:\/\/labanniere.org\/index.php\/wp-json\/wp\/v2\/categories?post=76"},{"taxonomy":"post_tag","embeddable":true,"href":"https:\/\/labanniere.org\/index.php\/wp-json\/wp\/v2\/tags?post=76"}],"curies":[{"name":"wp","href":"https:\/\/api.w.org\/{rel}","templated":true}]}}