{"id":124,"date":"2023-10-25T17:43:25","date_gmt":"2023-10-25T15:43:25","guid":{"rendered":"https:\/\/labanniere.org\/?page_id=124"},"modified":"2023-11-30T14:10:58","modified_gmt":"2023-11-30T13:10:58","slug":"ecole-de-la-banniere","status":"publish","type":"page","link":"https:\/\/labanniere.org\/index.php\/oeuvres-sociales\/ecole-de-la-banniere\/","title":{"rendered":"Ecole de la Banni\u00e8re"},"content":{"rendered":"<p>[rev_slider alias=\u00a0\u00bbECOBAN\u00a0\u00bb]<\/p>\n\n\n\n<h3 class=\"wp-block-heading\">Qui sommes-nous ?<\/h3>\n\n\n\n<p>L&rsquo;ECOLE DE LA BANNIERE est une \u00e9cole chr\u00e9tienne qui dispense un enseignement de qualit\u00e9 bas\u00e9 sur le respect du programme national et des valeurs chr\u00e9tiennes.<\/p>\n\n\n\n<h3 class=\"wp-block-heading\">Historique<\/h3>\n\n\n\n<p>Au cours de cette premi\u00e8re ann\u00e9e (ann\u00e9e scolaire 2005-2006), seule la section maternelle \u00e9tait organis\u00e9e. Au jour d\u2019aujourd\u2019hui, l\u2019\u00e9cole a un effectif de plus de 300 \u00e9l\u00e8ves&nbsp; avec une extension \u00e0 la p\u00e9riph\u00e9rie de la ville de Kinshasa, pr\u00e9cis\u00e9ment \u00e0 Kinkole \u00e0 quelques kilom\u00e8tres de l\u2019a\u00e9roport international de N&rsquo;djili. Les sections organis\u00e9es \u00e0 l\u2019\u00e9cole de la Banni\u00e8re sont : Cr\u00e8che, Maternelle, Primaire&nbsp; et d\u00e8s la rentr\u00e9e scolaire 2012-2013, la section secondaire va commencer avec la classe de premi\u00e8re Cycle d\u2019orientation.<\/p>\n\n\n\n<p>L\u2019objectif \u00e9tait d\u2019\u00e9voluer ainsi jusqu\u2019\u00e0 arriver \u00e0 compl\u00e9ter tous les cycles.<\/p>\n\n\n\n<h3 class=\"wp-block-heading\">Activit\u00e9s organis\u00e9es<\/h3>\n\n\n\n<p>L\u2019\u00e9cole organise plusieurs autres activit\u00e9s tel que&nbsp;: La natation, le football, tennis de table,&nbsp; les visites guid\u00e9es et les f\u00eates d\u2019anniversaires. Elle dispose d\u2019une Biblioth\u00e8que pour enfants.<a href=\"https:\/\/www.labanniere.net\/galerie-photos\/carnaval-2022-ecole-de-la-banniere\/\"><\/a><\/p>\n\n\n\n<div class=\"wp-block-media-text alignwide is-stacked-on-mobile\"><figure class=\"wp-block-media-text__media\"><img decoding=\"async\" src=\"https:\/\/labanniere.org\/wp-content\/uploads\/2023\/02\/168.jpg\" alt=\"\" class=\"wp-image-947 size-full\"\/><\/figure><div class=\"wp-block-media-text__content\">\n<h4 class=\"wp-block-heading\">Carnaval des \u00e9l\u00e8ves 2022 (en images)<\/h4>\n\n\n\n<p>Les \u00e9l\u00e8ves de l&rsquo;Ecole de La Banni\u00e8re (ECOBAN) ont eu leur grand \u00e9v\u00e9nement de l&rsquo;ann\u00e9e d\u00e9nomm\u00e9&nbsp; carnaval. Un moment de liesse et de joie pour crier tout haut le bien fond\u00e9 d&rsquo;une bonne \u00e9ducation.<\/p>\n<\/div><\/div>\n\n\n\n<div class=\"wp-block-media-text alignwide is-stacked-on-mobile\"><figure class=\"wp-block-media-text__media\"><a href=\"https:\/\/labanniere.org\/2019\/06\/rentree-scolaire\/\"><img decoding=\"async\" src=\"http:\/\/labanniere.org\/wp-content\/uploads\/2023\/02\/013.jpg\" alt=\"\" class=\"wp-image-1071 size-full\"\/><\/a><\/figure><div class=\"wp-block-media-text__content\">\n<h4 class=\"wp-block-heading\"><a href=\"https:\/\/labanniere.net\/2019\/06\/rentree-scolaire\/\">Proclamation Ann\u00e9e-Scolaire 2018-2019<\/a><\/h4>\n\n\n\n<p>Pour finir l\u2019ann\u00e9e avec beaut\u00e9 l\u2019\u00e9cole de la Banni\u00e8re a organis\u00e9 une activit\u00e9 de cl\u00f4ture.<\/p>\n<\/div><\/div>\n\n\n\n<h3 class=\"wp-block-heading\">Diff\u00e9rents degr\u00e9s d&rsquo;enseignements<\/h3>\n\n\n\n<div class=\"wp-block-columns is-layout-flex wp-container-core-columns-is-layout-9d6595d7 wp-block-columns-is-layout-flex\">\n<div class=\"wp-block-column is-layout-flow wp-block-column-is-layout-flow\">\n<figure class=\"wp-block-image size-full\"><a href=\"https:\/\/labanniere.net\/maternelle\/\"><img decoding=\"async\" src=\"https:\/\/labanniere.org\/wp-content\/uploads\/2023\/02\/001-02-1.png\" alt=\"\" class=\"wp-image-939\"\/><\/a><\/figure>\n<\/div>\n\n\n\n<div class=\"wp-block-column is-layout-flow wp-block-column-is-layout-flow\">\n<figure class=\"wp-block-image size-full\"><a href=\"https:\/\/labanniere.net\/oeuvres-sociales\/ecole-de-la-banniere\/primaire\/\"><img decoding=\"async\" src=\"https:\/\/labanniere.org\/wp-content\/uploads\/2023\/02\/003-02-2.png\" alt=\"\" class=\"wp-image-943\"\/><\/a><\/figure>\n<\/div>\n<\/div>\n\n\n\n<div class=\"wp-block-columns is-layout-flex wp-container-core-columns-is-layout-9d6595d7 wp-block-columns-is-layout-flex\">\n<div class=\"wp-block-column is-layout-flow wp-block-column-is-layout-flow\">\n<figure class=\"wp-block-image size-full\"><a href=\"https:\/\/labanniere.net\/oeuvres-sociales\/ecoban\/secondaire\/\"><img decoding=\"async\" src=\"https:\/\/labanniere.org\/wp-content\/uploads\/2023\/02\/002-02-2.png\" alt=\"\" class=\"wp-image-944\"\/><\/a><\/figure>\n<\/div>\n\n\n\n<div class=\"wp-block-column is-layout-flow wp-block-column-is-layout-flow\"><\/div>\n<\/div>\n\n\n\n<h3 class=\"wp-block-heading\">Contactez-nous !<\/h3>\n\n\n\n<p><strong>Adresse :<\/strong> 10, Essandja, Q\/ Kapinga, C\/Barumbu, R\u00e9f: H\u00f4tel Ph\u00e9nix, Ville de Kinshasa, R\u00e9publique D\u00e9mocratique du Congo.<br><strong>T\u00e9l\u00e9phones et Whatsapp :<\/strong> <a href=\"https:\/\/wa.me\/243999925562\">+243 99 99 25 562<\/a> , <a href=\"https:\/\/wa.me\/243816887480\">+243 81 68 87 480<\/a><br><strong>Email :<\/strong> <a href=\"mailto:ecoban@gmail.com\">ecoban@gmail.com<\/a><\/p>\n","protected":false},"excerpt":{"rendered":"<p>Qui sommes-nous ? L&rsquo;ECOLE DE LA BANNIERE est une \u00e9cole chr\u00e9tienne qui dispense un enseignement de qualit\u00e9 bas\u00e9 sur le respect du programme national et des valeurs chr\u00e9tiennes. Historique Au&#8230;<\/p>\n","protected":false},"author":1,"featured_media":0,"parent":74,"menu_order":0,"comment_status":"closed","ping_status":"closed","template":"","meta":{"_themeisle_gutenberg_block_has_review":false,"footnotes":""},"categories":[],"tags":[],"class_list":["post-124","page","type-page","status-publish","hentry"],"_links":{"self":[{"href":"https:\/\/labanniere.org\/index.php\/wp-json\/wp\/v2\/pages\/124","targetHints":{"allow":["GET"]}}],"collection":[{"href":"https:\/\/labanniere.org\/index.php\/wp-json\/wp\/v2\/pages"}],"about":[{"href":"https:\/\/labanniere.org\/index.php\/wp-json\/wp\/v2\/types\/page"}],"author":[{"embeddable":true,"href":"https:\/\/labanniere.org\/index.php\/wp-json\/wp\/v2\/users\/1"}],"replies":[{"embeddable":true,"href":"https:\/\/labanniere.org\/index.php\/wp-json\/wp\/v2\/comments?post=124"}],"version-history":[{"count":2,"href":"https:\/\/labanniere.org\/index.php\/wp-json\/wp\/v2\/pages\/124\/revisions"}],"predecessor-version":[{"id":219,"href":"https:\/\/labanniere.org\/index.php\/wp-json\/wp\/v2\/pages\/124\/revisions\/219"}],"up":[{"embeddable":true,"href":"https:\/\/labanniere.org\/index.php\/wp-json\/wp\/v2\/pages\/74"}],"wp:attachment":[{"href":"https:\/\/labanniere.org\/index.php\/wp-json\/wp\/v2\/media?parent=124"}],"wp:term":[{"taxonomy":"category","embeddable":true,"href":"https:\/\/labanniere.org\/index.php\/wp-json\/wp\/v2\/categories?post=124"},{"taxonomy":"post_tag","embeddable":true,"href":"https:\/\/labanniere.org\/index.php\/wp-json\/wp\/v2\/tags?post=124"}],"curies":[{"name":"wp","href":"https:\/\/api.w.org\/{rel}","templated":true}]}}