{"id":122,"date":"2023-10-25T17:42:49","date_gmt":"2023-10-25T15:42:49","guid":{"rendered":"https:\/\/labanniere.org\/?page_id=122"},"modified":"2023-11-30T14:10:04","modified_gmt":"2023-11-30T13:10:04","slug":"centre-hospitalier-la-banniere","status":"publish","type":"page","link":"https:\/\/labanniere.org\/index.php\/oeuvres-sociales\/centre-hospitalier-la-banniere\/","title":{"rendered":"Centre Hospitalier La Banni\u00e8re"},"content":{"rendered":"\n<p>Le Centre Hospitalier de la Banni\u00e8re (CHB en sigle) est une oeuvre de l&rsquo;\u00e9glise CEF LA BANNIERE dans la commune de Barumbu sur size Avenue MIAMI, dans le Quartier KAPINGA, r\u00e9f\u00e9rence salle DIAMANT VERT.<\/p>\n\n\n\n<p>Il est destin\u00e9 \u00e0 offrir des soins de sant\u00e9 aux hommes car nous croyons que l\u2019\u00c9glise doit \u0153uvrer aussi au d\u00e9veloppement du milieu dans lequel elle se trouve.<\/p>\n\n\n\n<hr class=\"wp-block-separator has-alpha-channel-opacity\"\/>\n\n\n\n<figure class=\"wp-block-image\"><img decoding=\"async\" src=\"https:\/\/www.labanniere.net\/wp-content\/uploads\/2019\/05\/hosp04.jpg\" alt=\"\" class=\"wp-image-643\"\/><\/figure>\n\n\n\n<p>Les services disponibles sont :<\/p>\n\n\n\n<ul class=\"wp-block-list\">\n<li><strong>La M\u00e9decine G\u00e9n\u00e9rale<\/strong><\/li>\n\n\n\n<li><strong>La Gyn\u00e9co-Obst\u00e9trique<\/strong><\/li>\n\n\n\n<li><strong>La Maternit\u00e9<\/strong><\/li>\n\n\n\n<li><strong>La Chirurgie<\/strong><\/li>\n\n\n\n<li><strong>La P\u00e9diatrie<\/strong><\/li>\n\n\n\n<li><strong>L&rsquo;Hospitalisation<\/strong><\/li>\n\n\n\n<li><strong>La Dermatologie<\/strong><\/li>\n\n\n\n<li><strong>Le Laboratoire<\/strong><\/li>\n\n\n\n<li><strong>La Dentisterie<\/strong><\/li>\n\n\n\n<li><strong>L&rsquo;Ophtalmologie (ORL)<\/strong><\/li>\n\n\n\n<li><strong>La Kin\u00e9sith\u00e9rapie<\/strong><\/li>\n<\/ul>\n\n\n\n<hr class=\"wp-block-separator has-alpha-channel-opacity\"\/>\n\n\n<div class=\"wp-block-image\">\n<figure class=\"alignright\"><img decoding=\"async\" src=\"https:\/\/www.labanniere.net\/wp-content\/uploads\/2019\/05\/hosp05.jpg\" alt=\"\" class=\"wp-image-644\"\/><\/figure>\n<\/div>\n\n\n<p>Le Centre Hospitalier de la Banni\u00e8re regorge en son sein plusieurs m\u00e9decins qualifi\u00e9s des tr\u00e8s bonnes institutions de notre pays sans oubli\u00e9 l&rsquo;expertise ext\u00e9rieur de m\u00e9decins visiteurs pour les sp\u00e9cialit\u00e9s. En outre, plusieurs activit\u00e9s de sant\u00e9 publique (campagne de vaccination, distribution des moustiquaires, planification familiale, etc.) y sont organis\u00e9es pour le bien-\u00eatre de la population environnante!<\/p>\n\n\n\n<p>Il est ouvert 24h\/24. Nous vous souhaitons donc la bienvenue chez nous!<\/p>\n\n\n<div class=\"wp-block-image\">\n<figure class=\"alignleft\"><img decoding=\"async\" src=\"https:\/\/www.labanniere.net\/wp-content\/uploads\/2019\/05\/hosp06.jpg\" alt=\"\" class=\"wp-image-646\"\/><\/figure>\n<\/div>\n\n<div class=\"wp-block-image\">\n<figure class=\"alignleft\"><img decoding=\"async\" src=\"https:\/\/www.labanniere.net\/wp-content\/uploads\/2019\/05\/hosp07.jpg\" alt=\"\" class=\"wp-image-648\"\/><\/figure>\n<\/div>\n\n<div class=\"wp-block-image\">\n<figure class=\"alignleft\"><img decoding=\"async\" src=\"https:\/\/www.labanniere.net\/wp-content\/uploads\/2019\/05\/hosp08.jpg\" alt=\"\" class=\"wp-image-647\"\/><\/figure>\n<\/div>\n\n<div class=\"wp-block-image\">\n<figure class=\"alignleft\"><img decoding=\"async\" src=\"https:\/\/www.labanniere.net\/wp-content\/uploads\/2019\/05\/hosp03.jpg\" alt=\"\" class=\"wp-image-652\"\/><\/figure>\n<\/div>\n\n\n<p>Contactez-nous au: +243 81 51 28 381<\/p>\n","protected":false},"excerpt":{"rendered":"<p>Le Centre Hospitalier de la Banni\u00e8re (CHB en sigle) est une oeuvre de l&rsquo;\u00e9glise CEF LA BANNIERE dans la commune de Barumbu sur size Avenue MIAMI, dans le Quartier KAPINGA,&#8230;<\/p>\n","protected":false},"author":1,"featured_media":0,"parent":74,"menu_order":0,"comment_status":"closed","ping_status":"closed","template":"","meta":{"_themeisle_gutenberg_block_has_review":false,"footnotes":""},"categories":[],"tags":[],"class_list":["post-122","page","type-page","status-publish","hentry"],"_links":{"self":[{"href":"https:\/\/labanniere.org\/index.php\/wp-json\/wp\/v2\/pages\/122","targetHints":{"allow":["GET"]}}],"collection":[{"href":"https:\/\/labanniere.org\/index.php\/wp-json\/wp\/v2\/pages"}],"about":[{"href":"https:\/\/labanniere.org\/index.php\/wp-json\/wp\/v2\/types\/page"}],"author":[{"embeddable":true,"href":"https:\/\/labanniere.org\/index.php\/wp-json\/wp\/v2\/users\/1"}],"replies":[{"embeddable":true,"href":"https:\/\/labanniere.org\/index.php\/wp-json\/wp\/v2\/comments?post=122"}],"version-history":[{"count":2,"href":"https:\/\/labanniere.org\/index.php\/wp-json\/wp\/v2\/pages\/122\/revisions"}],"predecessor-version":[{"id":218,"href":"https:\/\/labanniere.org\/index.php\/wp-json\/wp\/v2\/pages\/122\/revisions\/218"}],"up":[{"embeddable":true,"href":"https:\/\/labanniere.org\/index.php\/wp-json\/wp\/v2\/pages\/74"}],"wp:attachment":[{"href":"https:\/\/labanniere.org\/index.php\/wp-json\/wp\/v2\/media?parent=122"}],"wp:term":[{"taxonomy":"category","embeddable":true,"href":"https:\/\/labanniere.org\/index.php\/wp-json\/wp\/v2\/categories?post=122"},{"taxonomy":"post_tag","embeddable":true,"href":"https:\/\/labanniere.org\/index.php\/wp-json\/wp\/v2\/tags?post=122"}],"curies":[{"name":"wp","href":"https:\/\/api.w.org\/{rel}","templated":true}]}}