{"id":110,"date":"2023-10-25T17:35:47","date_gmt":"2023-10-25T15:35:47","guid":{"rendered":"https:\/\/labanniere.org\/?page_id=110"},"modified":"2023-11-30T14:08:26","modified_gmt":"2023-11-30T13:08:26","slug":"ecodim","status":"publish","type":"page","link":"https:\/\/labanniere.org\/index.php\/ministeres\/ecodim\/","title":{"rendered":"ECODIM"},"content":{"rendered":"\n<figure class=\"wp-block-image size-full\"><img decoding=\"async\" src=\"http:\/\/labanniere.org\/wp-content\/uploads\/2023\/01\/IMAGE4-1.jpg\" alt=\"\" class=\"wp-image-222\"\/><\/figure>\n\n\n\n<h3 class=\"wp-block-heading\">Le D\u00e9partement de l&rsquo;Ecole de Dimanche, Quid?<\/h3>\n\n\n\n<p>Ce d\u00e9partement commun\u00e9ment appel\u00e9&nbsp; Ecole du dimanche, Ecodim en sigle, est compos\u00e9 de plusieurs classes d\u2019enfants&nbsp;:<\/p>\n\n\n\n<ol class=\"wp-block-list\" start=\"1\">\n<li>la classe des mignons (3 ans \u00e0 5 ans)<\/li>\n\n\n\n<li>la classe des moineaux (6 ans \u00e0 8 ans)<\/li>\n\n\n\n<li>la classe des colombes (9 ans \u00e0 11 ans)<\/li>\n\n\n\n<li>la classe des cadets (12 ans \u00e0 13 ans)<\/li>\n\n\n\n<li>la classe sp\u00e9ciale des adolescents (14 ans \u00e0 15 ans)<\/li>\n<\/ol>\n\n\n\n<p>L\u2019Ecodim fonctionne g\u00e9n\u00e9ralement chaque dimanche de 8h00 \u00e0 10h00 et de 10h30 \u00e0 12h30.<\/p>\n\n\n\n<h3 class=\"wp-block-heading\">Historique<\/h3>\n\n\n\n<p>Ce d\u00e9partement a vu le jour avec la naissance de l\u2019\u00e9glise en octobre 2002. Il a \u00e9t\u00e9 initialement&nbsp; dirig\u00e9 par&nbsp; Maman C\u00e9cile Bomboko assist\u00e9e de <strong>Maman Marie-claire MAYAZA<\/strong>.<\/p>\n\n\n\n<h3 class=\"wp-block-heading\">Activit\u00e9s<\/h3>\n\n\n\n<ul class=\"wp-block-list\">\n<li>Colonie des vacances&nbsp;;<\/li>\n\n\n\n<li>Journ\u00e9es de pri\u00e8re&nbsp;;<\/li>\n\n\n\n<li>Visite guid\u00e9e&nbsp;;<\/li>\n\n\n\n<li>Retraite annuelle pendant les grandes vacances&nbsp;;<\/li>\n\n\n\n<li>Sayn\u00e8te&nbsp;;<\/li>\n\n\n\n<li>Chorale des enfants&nbsp;;<\/li>\n\n\n\n<li>Emissions t\u00e9l\u00e9vis\u00e9es&nbsp;;<\/li>\n\n\n\n<li>Journ\u00e9es d\u2019amiti\u00e9&nbsp;;<\/li>\n<\/ul>\n\n\n\n<h3 class=\"wp-block-heading\">Contacts<\/h3>\n\n\n\n<p>Email:&nbsp;&nbsp;<a href=\"mailto:ecodim@labanniere.org\">ecodim@labanniere.org<\/a>,<\/p>\n\n\n\n<p>Tel.&nbsp;: 0812127324<\/p>\n","protected":false},"excerpt":{"rendered":"<p>Le D\u00e9partement de l&rsquo;Ecole de Dimanche, Quid? Ce d\u00e9partement commun\u00e9ment appel\u00e9&nbsp; Ecole du dimanche, Ecodim en sigle, est compos\u00e9 de plusieurs classes d\u2019enfants&nbsp;: L\u2019Ecodim fonctionne g\u00e9n\u00e9ralement chaque dimanche de 8h00&#8230;<\/p>\n","protected":false},"author":1,"featured_media":0,"parent":70,"menu_order":0,"comment_status":"closed","ping_status":"closed","template":"","meta":{"_themeisle_gutenberg_block_has_review":false,"footnotes":""},"categories":[],"tags":[],"class_list":["post-110","page","type-page","status-publish","hentry"],"_links":{"self":[{"href":"https:\/\/labanniere.org\/index.php\/wp-json\/wp\/v2\/pages\/110","targetHints":{"allow":["GET"]}}],"collection":[{"href":"https:\/\/labanniere.org\/index.php\/wp-json\/wp\/v2\/pages"}],"about":[{"href":"https:\/\/labanniere.org\/index.php\/wp-json\/wp\/v2\/types\/page"}],"author":[{"embeddable":true,"href":"https:\/\/labanniere.org\/index.php\/wp-json\/wp\/v2\/users\/1"}],"replies":[{"embeddable":true,"href":"https:\/\/labanniere.org\/index.php\/wp-json\/wp\/v2\/comments?post=110"}],"version-history":[{"count":2,"href":"https:\/\/labanniere.org\/index.php\/wp-json\/wp\/v2\/pages\/110\/revisions"}],"predecessor-version":[{"id":217,"href":"https:\/\/labanniere.org\/index.php\/wp-json\/wp\/v2\/pages\/110\/revisions\/217"}],"up":[{"embeddable":true,"href":"https:\/\/labanniere.org\/index.php\/wp-json\/wp\/v2\/pages\/70"}],"wp:attachment":[{"href":"https:\/\/labanniere.org\/index.php\/wp-json\/wp\/v2\/media?parent=110"}],"wp:term":[{"taxonomy":"category","embeddable":true,"href":"https:\/\/labanniere.org\/index.php\/wp-json\/wp\/v2\/categories?post=110"},{"taxonomy":"post_tag","embeddable":true,"href":"https:\/\/labanniere.org\/index.php\/wp-json\/wp\/v2\/tags?post=110"}],"curies":[{"name":"wp","href":"https:\/\/api.w.org\/{rel}","templated":true}]}}