{"id":106,"date":"2023-10-25T17:34:56","date_gmt":"2023-10-25T15:34:56","guid":{"rendered":"https:\/\/labanniere.org\/?page_id=106"},"modified":"2023-11-30T14:04:56","modified_gmt":"2023-11-30T13:04:56","slug":"les-papas","status":"publish","type":"page","link":"https:\/\/labanniere.org\/index.php\/ministeres\/les-papas\/","title":{"rendered":"Les Papas"},"content":{"rendered":"\n<p>Le D\u00e9partement des Hommes est une structure de l&rsquo;\u00e9glise qui rassemble les hommes afin de traiter de mani\u00e8re sp\u00e9cifique des besoins en terme de la gestion de la famille, de la responsabilit\u00e9 de l&rsquo;homme, du leadership, de la direction du foyer selon les lois du Seigneur et tout ce qui tourne autour de la place et de la position de l&rsquo;homme dans la soci\u00e9t\u00e9 et dans l&rsquo;\u00e9glise.<\/p>\n\n\n\n<h6 class=\"wp-block-heading\">Les r\u00e9unions ont lieu tous les mardis de 17h00 \u00e0 18h00.<\/h6>\n\n\n\n<p>En dehors de cela, il est organis\u00e9 des colloques, s\u00e9minaires, ateliers de formation, etc.<\/p>\n","protected":false},"excerpt":{"rendered":"<p>Le D\u00e9partement des Hommes est une structure de l&rsquo;\u00e9glise qui rassemble les hommes afin de traiter de mani\u00e8re sp\u00e9cifique des besoins en terme de la gestion de la famille, de&#8230;<\/p>\n","protected":false},"author":1,"featured_media":0,"parent":70,"menu_order":0,"comment_status":"closed","ping_status":"closed","template":"","meta":{"_themeisle_gutenberg_block_has_review":false,"footnotes":""},"categories":[],"tags":[],"class_list":["post-106","page","type-page","status-publish","hentry"],"_links":{"self":[{"href":"https:\/\/labanniere.org\/index.php\/wp-json\/wp\/v2\/pages\/106","targetHints":{"allow":["GET"]}}],"collection":[{"href":"https:\/\/labanniere.org\/index.php\/wp-json\/wp\/v2\/pages"}],"about":[{"href":"https:\/\/labanniere.org\/index.php\/wp-json\/wp\/v2\/types\/page"}],"author":[{"embeddable":true,"href":"https:\/\/labanniere.org\/index.php\/wp-json\/wp\/v2\/users\/1"}],"replies":[{"embeddable":true,"href":"https:\/\/labanniere.org\/index.php\/wp-json\/wp\/v2\/comments?post=106"}],"version-history":[{"count":2,"href":"https:\/\/labanniere.org\/index.php\/wp-json\/wp\/v2\/pages\/106\/revisions"}],"predecessor-version":[{"id":214,"href":"https:\/\/labanniere.org\/index.php\/wp-json\/wp\/v2\/pages\/106\/revisions\/214"}],"up":[{"embeddable":true,"href":"https:\/\/labanniere.org\/index.php\/wp-json\/wp\/v2\/pages\/70"}],"wp:attachment":[{"href":"https:\/\/labanniere.org\/index.php\/wp-json\/wp\/v2\/media?parent=106"}],"wp:term":[{"taxonomy":"category","embeddable":true,"href":"https:\/\/labanniere.org\/index.php\/wp-json\/wp\/v2\/categories?post=106"},{"taxonomy":"post_tag","embeddable":true,"href":"https:\/\/labanniere.org\/index.php\/wp-json\/wp\/v2\/tags?post=106"}],"curies":[{"name":"wp","href":"https:\/\/api.w.org\/{rel}","templated":true}]}}