{"id":104,"date":"2023-10-25T17:34:37","date_gmt":"2023-10-25T15:34:37","guid":{"rendered":"https:\/\/labanniere.org\/?page_id=104"},"modified":"2023-11-30T14:07:09","modified_gmt":"2023-11-30T13:07:09","slug":"les-jeunes","status":"publish","type":"page","link":"https:\/\/labanniere.org\/index.php\/ministeres\/les-jeunes\/","title":{"rendered":"Les Jeunes"},"content":{"rendered":"\n<figure class=\"wp-block-image size-full\"><img decoding=\"async\" src=\"http:\/\/labanniere.org\/wp-content\/uploads\/2023\/01\/IMAGE5.jpg\" alt=\"\" class=\"wp-image-224\"\/><\/figure>\n\n\n\n<h3 class=\"wp-block-heading\">Le D\u00e9partement des Jeunes, Quid?<\/h3>\n\n\n\n<p>Le d\u00e9partement de la jeunesse de La Banni\u00e8re est compos\u00e9 de jeunes filles et gar\u00e7ons de toutes cat\u00e9gories et constitu\u00e9 des \u00e9l\u00e8ves, des \u00e9tudiants, des travailleurs ainsi que des dipl\u00f4m\u00e9s et cadres universitaires.<\/p>\n\n\n\n<p>Le d\u00e9partement est constitu\u00e9 de plusieurs commissions regroup\u00e9es au sein d\u2019une macro \u00e9quipe appel\u00e9e&nbsp;: \u00ab&nbsp;\u00e9quipes des ouvriers&nbsp;\u00bb.<\/p>\n\n\n\n<p>Les r\u00e9unions du d\u00e9partement se tiennent&nbsp;g\u00e9n\u00e9ralement tous les samedis de 16h00 \u00e0 18h00<\/p>\n\n\n\n<h3 class=\"wp-block-heading\">Historique<\/h3>\n\n\n\n<p>Ce d\u00e9partement a vu le jour 4 mois apr\u00e8s l\u2019implantation de l\u2019\u00e9glise, soit le 8 f\u00e9vrier 2003 avec maman C\u00e9cile Bomboko.<\/p>\n\n\n\n<p>Apr\u00e8s avoir pos\u00e9 les fondements, le d\u00e9partement sera confi\u00e9 une ann\u00e9e plus tard \u00e0 la conduite d\u2019un comit\u00e9&nbsp; compos\u00e9 de trois personnes : les fr\u00e8res Elie Kanyanya, Papy Kamande et Maurice Biduaya.<\/p>\n\n\n\n<h3 class=\"wp-block-heading\">Activit\u00e9s<\/h3>\n\n\n\n<p>En plus des activit\u00e9s hebdomadaires, la jeunesse du CEF La Banni\u00e8re organise&nbsp;:<\/p>\n\n\n\n<ul class=\"wp-block-list\">\n<li><em>une retraite annuelle<\/em>&nbsp;chaque ann\u00e9e, pendant les grandes vacances au mois d\u2019ao\u00fbt.<\/li>\n\n\n\n<li><em>une action \u00e9vang\u00e9lique<strong>&nbsp;c<\/strong><\/em>haque ann\u00e9e, une campagne d\u2019\u00e9vang\u00e9lisation d\u00e9nomm\u00e9: \u00ab&nbsp;J\u00e9sus-Christ pour tous \u00bb.<\/li>\n\n\n\n<li><em>une r\u00e9union en faveur des \u00e9l\u00e8ves finalistes et \u00e9tudiants en session<\/em>&nbsp;pour aider \u00e0 surmonter les stress, susciter la confiance en soi, et la confiance en Dieu.<\/li>\n\n\n\n<li><em>des journ\u00e9es de louange et d\u2019adoration<\/em>&nbsp;: des journ\u00e9es de r\u00e9flexion, des conf\u00e9rence-d\u00e9bat<\/li>\n\n\n\n<li><em>Une journ\u00e9e sp\u00e9ciale d\u2019adoration d\u00e9nomm\u00e9e \u00ab&nbsp;Salon d\u2019adoration&nbsp;\u00bb<\/em><\/li>\n\n\n\n<li><em>un programme de sensibilisation \u00e0 la lutte contre le VIH\/SIDA<\/em><\/li>\n\n\n\n<li><em>des activit\u00e9s r\u00e9cr\u00e9atives<strong>&nbsp;:&nbsp;<\/strong><\/em>rencontres sportives (le football, le basket-ball et le volley-ball, etc.)<\/li>\n<\/ul>\n\n\n\n<h3 class=\"wp-block-heading\">Contacts<\/h3>\n\n\n\n<p>Email:&nbsp;<a href=\"mailto:jeunesse@labanniere.org\">jeunesse@labanniere.org<\/a>,<\/p>\n\n\n\n<p>T\u00e9l.: 0815128381<\/p>\n","protected":false},"excerpt":{"rendered":"<p>Le D\u00e9partement des Jeunes, Quid? Le d\u00e9partement de la jeunesse de La Banni\u00e8re est compos\u00e9 de jeunes filles et gar\u00e7ons de toutes cat\u00e9gories et constitu\u00e9 des \u00e9l\u00e8ves, des \u00e9tudiants, des&#8230;<\/p>\n","protected":false},"author":1,"featured_media":0,"parent":70,"menu_order":0,"comment_status":"closed","ping_status":"closed","template":"","meta":{"_themeisle_gutenberg_block_has_review":false,"footnotes":""},"categories":[],"tags":[],"class_list":["post-104","page","type-page","status-publish","hentry"],"_links":{"self":[{"href":"https:\/\/labanniere.org\/index.php\/wp-json\/wp\/v2\/pages\/104","targetHints":{"allow":["GET"]}}],"collection":[{"href":"https:\/\/labanniere.org\/index.php\/wp-json\/wp\/v2\/pages"}],"about":[{"href":"https:\/\/labanniere.org\/index.php\/wp-json\/wp\/v2\/types\/page"}],"author":[{"embeddable":true,"href":"https:\/\/labanniere.org\/index.php\/wp-json\/wp\/v2\/users\/1"}],"replies":[{"embeddable":true,"href":"https:\/\/labanniere.org\/index.php\/wp-json\/wp\/v2\/comments?post=104"}],"version-history":[{"count":2,"href":"https:\/\/labanniere.org\/index.php\/wp-json\/wp\/v2\/pages\/104\/revisions"}],"predecessor-version":[{"id":216,"href":"https:\/\/labanniere.org\/index.php\/wp-json\/wp\/v2\/pages\/104\/revisions\/216"}],"up":[{"embeddable":true,"href":"https:\/\/labanniere.org\/index.php\/wp-json\/wp\/v2\/pages\/70"}],"wp:attachment":[{"href":"https:\/\/labanniere.org\/index.php\/wp-json\/wp\/v2\/media?parent=104"}],"wp:term":[{"taxonomy":"category","embeddable":true,"href":"https:\/\/labanniere.org\/index.php\/wp-json\/wp\/v2\/categories?post=104"},{"taxonomy":"post_tag","embeddable":true,"href":"https:\/\/labanniere.org\/index.php\/wp-json\/wp\/v2\/tags?post=104"}],"curies":[{"name":"wp","href":"https:\/\/api.w.org\/{rel}","templated":true}]}}